{"id":162,"date":"2020-09-07T18:18:16","date_gmt":"2020-09-07T18:18:16","guid":{"rendered":"http:\/\/box5352.temp.domains\/~captusp8\/gourmet4pattes\/?page_id=162"},"modified":"2021-01-21T17:21:21","modified_gmt":"2021-01-21T17:21:21","slug":"moyenne-race","status":"publish","type":"page","link":"https:\/\/gourmet4pattes.com\/en\/moyenne-race\/","title":{"rendered":"Medium Breed"},"content":{"rendered":"<div data-elementor-type=\"wp-page\" data-elementor-id=\"162\" class=\"elementor elementor-162\" data-elementor-post-type=\"page\">\n\t\t\t\t\t\t<section class=\"elementor-section elementor-top-section elementor-element elementor-element-8e7caa6 elementor-section-height-full elementor-section-full_width elementor-hidden-desktop elementor-hidden-tablet elementor-section-height-default elementor-section-items-middle\" data-id=\"8e7caa6\" data-element_type=\"section\" data-e-type=\"section\" data-settings=\"{&quot;background_background&quot;:&quot;classic&quot;}\">\n\t\t\t\t\t\t<div class=\"elementor-container elementor-column-gap-default\">\n\t\t\t\t\t<div class=\"elementor-column elementor-col-100 elementor-top-column elementor-element elementor-element-9a6eb98\" data-id=\"9a6eb98\" data-element_type=\"column\" data-e-type=\"column\">\n\t\t\t<div class=\"elementor-widget-wrap elementor-element-populated\">\n\t\t\t\t\t\t<div class=\"elementor-element elementor-element-1ff9b81 elementor-widget elementor-widget-image\" data-id=\"1ff9b81\" data-element_type=\"widget\" data-e-type=\"widget\" data-widget_type=\"image.default\">\n\t\t\t\t<div class=\"elementor-widget-container\">\n\t\t\t\t\t\t\t\t\t\t\t\t\t\t\t<img decoding=\"async\" src=\"https:\/\/gourmet4pattes.com\/wp-content\/uploads\/elementor\/thumbs\/moyenne-race-qj2z0p2nf6ixsvjx0a0cowe6igebzyzg4qwkflyks8.png\" title=\"moyenne-race\" alt=\"moyenne-race\" loading=\"lazy\" \/>\t\t\t\t\t\t\t\t\t\t\t\t\t\t\t<\/div>\n\t\t\t\t<\/div>\n\t\t\t\t\t<\/div>\n\t\t<\/div>\n\t\t\t\t\t<\/div>\n\t\t<\/section>\n\t\t\t\t<section class=\"elementor-section elementor-top-section elementor-element elementor-element-bd04e64 elementor-section-height-min-height elementor-hidden-phone elementor-section-boxed elementor-section-height-default elementor-section-items-middle\" data-id=\"bd04e64\" data-element_type=\"section\" data-e-type=\"section\" data-settings=\"{&quot;background_background&quot;:&quot;classic&quot;}\">\n\t\t\t\t\t\t<div class=\"elementor-container elementor-column-gap-default\">\n\t\t\t\t\t<div class=\"elementor-column elementor-col-100 elementor-top-column elementor-element elementor-element-5547286\" data-id=\"5547286\" data-element_type=\"column\" data-e-type=\"column\">\n\t\t\t<div class=\"elementor-widget-wrap elementor-element-populated\">\n\t\t\t\t\t\t<div class=\"elementor-element elementor-element-7fea980 elementor-widget elementor-widget-image\" data-id=\"7fea980\" data-element_type=\"widget\" data-e-type=\"widget\" data-widget_type=\"image.default\">\n\t\t\t\t<div class=\"elementor-widget-container\">\n\t\t\t\t\t\t\t\t\t\t\t\t\t\t\t<img decoding=\"async\" src=\"https:\/\/gourmet4pattes.com\/wp-content\/uploads\/elementor\/thumbs\/moyenne-race-qj2z0p2nf6ixsvjx0a0cowe6igebzyzg4qwkflyks8.png\" title=\"moyenne-race\" alt=\"moyenne-race\" loading=\"lazy\" \/>\t\t\t\t\t\t\t\t\t\t\t\t\t\t\t<\/div>\n\t\t\t\t<\/div>\n\t\t\t\t\t<\/div>\n\t\t<\/div>\n\t\t\t\t\t<\/div>\n\t\t<\/section>\n\t\t\t\t<section class=\"elementor-section elementor-top-section elementor-element elementor-element-cf8d7e4 elementor-section-boxed elementor-section-height-default elementor-section-height-default\" data-id=\"cf8d7e4\" data-element_type=\"section\" data-e-type=\"section\">\n\t\t\t\t\t\t<div class=\"elementor-container elementor-column-gap-default\">\n\t\t\t\t\t<div class=\"elementor-column elementor-col-100 elementor-top-column elementor-element elementor-element-d69f6f2\" data-id=\"d69f6f2\" data-element_type=\"column\" data-e-type=\"column\">\n\t\t\t<div class=\"elementor-widget-wrap elementor-element-populated\">\n\t\t\t\t\t\t<div class=\"elementor-element elementor-element-c3def06 elementor-widget elementor-widget-heading\" data-id=\"c3def06\" data-element_type=\"widget\" data-e-type=\"widget\" data-widget_type=\"heading.default\">\n\t\t\t\t<div class=\"elementor-widget-container\">\n\t\t\t\t\t<h3 class=\"elementor-heading-title elementor-size-default\">OUR MEDIUM BREED FORMULAS<\/h3>\t\t\t\t<\/div>\n\t\t\t\t<\/div>\n\t\t\t\t\t<\/div>\n\t\t<\/div>\n\t\t\t\t\t<\/div>\n\t\t<\/section>\n\t\t\t\t<section class=\"elementor-section elementor-top-section elementor-element elementor-element-39a9685 elementor-section-boxed elementor-section-height-default elementor-section-height-default\" data-id=\"39a9685\" data-element_type=\"section\" data-e-type=\"section\">\n\t\t\t\t\t\t<div class=\"elementor-container elementor-column-gap-default\">\n\t\t\t\t\t<div class=\"elementor-column elementor-col-33 elementor-top-column elementor-element elementor-element-a6ae5f2\" data-id=\"a6ae5f2\" data-element_type=\"column\" data-e-type=\"column\">\n\t\t\t<div class=\"elementor-widget-wrap elementor-element-populated\">\n\t\t\t\t\t\t<div class=\"elementor-element elementor-element-c96d53f elementor-widget elementor-widget-text-editor\" data-id=\"c96d53f\" data-element_type=\"widget\" data-e-type=\"widget\" data-widget_type=\"text-editor.default\">\n\t\t\t\t<div class=\"elementor-widget-container\">\n\t\t\t\t\t\t\t\t\t<h4 style=\"font-style: normal;\"><span style=\"font-weight: bold;\"><strong>Proactive Formula<\/strong><br \/><strong>40 to 80 lbs<br \/><\/strong><\/span><\/h4><h4 style=\"font-style: normal;\"><span style=\"font-weight: bold;\"><strong>Horse<br \/><\/strong><\/span><\/h4><p style=\"font-size: 15px; font-style: normal;\">These diets are made for golden retrievers, Labrador, cane corso, poodles, boxers etc.\nLarge breeds are predisposed to cancer, heart and skin problems as well as allergies. Diets have been formulated to give a high quality of proteins to support health in general, as well as muscles health.\u00a0<\/p><p style=\"font-size: 15px; font-style: normal;\">Les Omega 3 sont anti-inflammatoires, ce qui est recherch\u00e9 pour la sant\u00e9 de la peau. Les pommes sont utilis\u00e9es pour le go\u00fbt (les chiens en raffolent) et aussi pour les fibres naturelles qui aident \u00e0 r\u00e9gulariser leur digestion. Des \u00e9tudes laboratoires montrent que leur utilisation peut minimiser les effets des troubles gastro-intestinaux de certaines races et aussi avoir des effets anti-histaminiques.<\/p><p><span style=\"font-weight: bold;\">Ingredients:<br \/><\/span>Horse, chicken carcasses, sweet potatoes, chicken breast, apples , broccoli, sardines, beef liver olive oil, zinc, manganese, biological kelp. 46% proteins, 33% carbs, et 21% lipids Calories : 1284 by 2.25 of patty .<\/p>\t\t\t\t\t\t\t\t<\/div>\n\t\t\t\t<\/div>\n\t\t\t\t\t<\/div>\n\t\t<\/div>\n\t\t\t\t<div class=\"elementor-column elementor-col-33 elementor-top-column elementor-element elementor-element-798f8dc\" data-id=\"798f8dc\" data-element_type=\"column\" data-e-type=\"column\">\n\t\t\t<div class=\"elementor-widget-wrap elementor-element-populated\">\n\t\t\t\t\t\t<div class=\"elementor-element elementor-element-59772b0 elementor-widget elementor-widget-image\" data-id=\"59772b0\" data-element_type=\"widget\" data-e-type=\"widget\" data-widget_type=\"image.default\">\n\t\t\t\t<div class=\"elementor-widget-container\">\n\t\t\t\t\t\t\t\t\t\t\t\t\t\t\t<img fetchpriority=\"high\" decoding=\"async\" width=\"1063\" height=\"1772\" src=\"https:\/\/gourmet4pattes.com\/wp-content\/uploads\/2020\/09\/Cheval-40-80-ENG.jpg\" class=\"attachment-full size-full wp-image-401\" alt=\"\" srcset=\"https:\/\/gourmet4pattes.com\/wp-content\/uploads\/2020\/09\/Cheval-40-80-ENG.jpg 1063w, https:\/\/gourmet4pattes.com\/wp-content\/uploads\/2020\/09\/Cheval-40-80-ENG-180x300.jpg 180w, https:\/\/gourmet4pattes.com\/wp-content\/uploads\/2020\/09\/Cheval-40-80-ENG-614x1024.jpg 614w, https:\/\/gourmet4pattes.com\/wp-content\/uploads\/2020\/09\/Cheval-40-80-ENG-768x1280.jpg 768w, https:\/\/gourmet4pattes.com\/wp-content\/uploads\/2020\/09\/Cheval-40-80-ENG-921x1536.jpg 921w\" sizes=\"(max-width: 1063px) 100vw, 1063px\" \/>\t\t\t\t\t\t\t\t\t\t\t\t\t\t\t<\/div>\n\t\t\t\t<\/div>\n\t\t\t\t\t<\/div>\n\t\t<\/div>\n\t\t\t\t<div class=\"elementor-column elementor-col-33 elementor-top-column elementor-element elementor-element-317fd6e\" data-id=\"317fd6e\" data-element_type=\"column\" data-e-type=\"column\">\n\t\t\t<div class=\"elementor-widget-wrap elementor-element-populated\">\n\t\t\t\t\t\t<div class=\"elementor-element elementor-element-a5e16b6 elementor-widget elementor-widget-image\" data-id=\"a5e16b6\" data-element_type=\"widget\" data-e-type=\"widget\" data-widget_type=\"image.default\">\n\t\t\t\t<div class=\"elementor-widget-container\">\n\t\t\t\t\t\t\t\t\t\t\t\t\t\t\t<img decoding=\"async\" width=\"2261\" height=\"1896\" src=\"https:\/\/gourmet4pattes.com\/wp-content\/uploads\/2020\/09\/Cheval40-80-ENG.png\" class=\"attachment-full size-full wp-image-402\" alt=\"\" srcset=\"https:\/\/gourmet4pattes.com\/wp-content\/uploads\/2020\/09\/Cheval40-80-ENG.png 2261w, https:\/\/gourmet4pattes.com\/wp-content\/uploads\/2020\/09\/Cheval40-80-ENG-300x252.png 300w, https:\/\/gourmet4pattes.com\/wp-content\/uploads\/2020\/09\/Cheval40-80-ENG-1024x859.png 1024w, https:\/\/gourmet4pattes.com\/wp-content\/uploads\/2020\/09\/Cheval40-80-ENG-768x644.png 768w, https:\/\/gourmet4pattes.com\/wp-content\/uploads\/2020\/09\/Cheval40-80-ENG-1536x1288.png 1536w, https:\/\/gourmet4pattes.com\/wp-content\/uploads\/2020\/09\/Cheval40-80-ENG-2048x1717.png 2048w\" sizes=\"(max-width: 2261px) 100vw, 2261px\" \/>\t\t\t\t\t\t\t\t\t\t\t\t\t\t\t<\/div>\n\t\t\t\t<\/div>\n\t\t\t\t\t<\/div>\n\t\t<\/div>\n\t\t\t\t\t<\/div>\n\t\t<\/section>\n\t\t\t\t<section class=\"elementor-section elementor-top-section elementor-element elementor-element-8c147b9 elementor-section-boxed elementor-section-height-default elementor-section-height-default\" data-id=\"8c147b9\" data-element_type=\"section\" data-e-type=\"section\">\n\t\t\t\t\t\t<div class=\"elementor-container elementor-column-gap-default\">\n\t\t\t\t\t<div class=\"elementor-column elementor-col-33 elementor-top-column elementor-element elementor-element-0991e91\" data-id=\"0991e91\" data-element_type=\"column\" data-e-type=\"column\">\n\t\t\t<div class=\"elementor-widget-wrap elementor-element-populated\">\n\t\t\t\t\t\t<div class=\"elementor-element elementor-element-e179ab4 elementor-widget elementor-widget-text-editor\" data-id=\"e179ab4\" data-element_type=\"widget\" data-e-type=\"widget\" data-widget_type=\"text-editor.default\">\n\t\t\t\t<div class=\"elementor-widget-container\">\n\t\t\t\t\t\t\t\t\t<h4 style=\"font-style: normal;\"><span style=\"font-weight: bold;\">Proactive Formula<br \/>40 to 80 lbs<br \/><\/span><\/h4><h4 style=\"font-style: normal;\"><span style=\"font-weight: bold;\">Chicken<br \/><\/span><\/h4><p style=\"font-size: 15px; font-style: normal;\">These diets are made for golden retrievers, Labrador, cane corso, poodles, boxers etc.\nLarge breeds are predisposed to cancer, heart and skin problems as well as allergies. Diets have been formulated to give a high quality of proteins to support health in general, as well as muscles health.<\/p><p style=\"font-size: 15px; font-style: normal;\">Les Omega 3 sont anti-inflammatoires, ce qui est recherch\u00e9 pour la sant\u00e9 de la peau. Les pommes sont utilis\u00e9es pour le go\u00fbt (les chiens en raffolent) et aussi pour les fibres naturelles qui aident \u00e0 r\u00e9gulariser leur digestion. Des \u00e9tudes laboratoires montrent que leur utilisation peut minimiser les effets des troubles gastro-intestinaux de ertaines races et aussi avoir des effets anti-histaminiques.<\/p><p style=\"font-size: 15px; font-style: normal;\"><span style=\"font-weight: bold;\">Ingredients:<br \/><\/span>Chicken breast, chicken carcasses, sweet potatoes, beef heart, eggs, broccoli, apples, carrots, sardines, beef liver, zinc, manganese, biological kelp.<\/p>\t\t\t\t\t\t\t\t<\/div>\n\t\t\t\t<\/div>\n\t\t\t\t\t<\/div>\n\t\t<\/div>\n\t\t\t\t<div class=\"elementor-column elementor-col-33 elementor-top-column elementor-element elementor-element-5c7bf45\" data-id=\"5c7bf45\" data-element_type=\"column\" data-e-type=\"column\">\n\t\t\t<div class=\"elementor-widget-wrap elementor-element-populated\">\n\t\t\t\t\t\t<div class=\"elementor-element elementor-element-8fb7635 elementor-widget elementor-widget-image\" data-id=\"8fb7635\" data-element_type=\"widget\" data-e-type=\"widget\" data-widget_type=\"image.default\">\n\t\t\t\t<div class=\"elementor-widget-container\">\n\t\t\t\t\t\t\t\t\t\t\t\t\t\t\t<img decoding=\"async\" width=\"1552\" height=\"2528\" src=\"https:\/\/gourmet4pattes.com\/wp-content\/uploads\/2020\/09\/Poulet-40-80-ENG.jpg\" class=\"attachment-full size-full wp-image-493\" alt=\"\" srcset=\"https:\/\/gourmet4pattes.com\/wp-content\/uploads\/2020\/09\/Poulet-40-80-ENG.jpg 1063w, https:\/\/gourmet4pattes.com\/wp-content\/uploads\/2020\/09\/Poulet-40-80-ENG-180x300.jpg 180w, https:\/\/gourmet4pattes.com\/wp-content\/uploads\/2020\/09\/Poulet-40-80-ENG-614x1024.jpg 614w, https:\/\/gourmet4pattes.com\/wp-content\/uploads\/2020\/09\/Poulet-40-80-ENG-768x1280.jpg 768w, https:\/\/gourmet4pattes.com\/wp-content\/uploads\/2020\/09\/Poulet-40-80-ENG-921x1536.jpg 921w\" sizes=\"(max-width: 1552px) 100vw, 1552px\" \/>\t\t\t\t\t\t\t\t\t\t\t\t\t\t\t<\/div>\n\t\t\t\t<\/div>\n\t\t\t\t\t<\/div>\n\t\t<\/div>\n\t\t\t\t<div class=\"elementor-column elementor-col-33 elementor-top-column elementor-element elementor-element-1da7882\" data-id=\"1da7882\" data-element_type=\"column\" data-e-type=\"column\">\n\t\t\t<div class=\"elementor-widget-wrap elementor-element-populated\">\n\t\t\t\t\t\t<div class=\"elementor-element elementor-element-4a8af53 elementor-widget elementor-widget-image\" data-id=\"4a8af53\" data-element_type=\"widget\" data-e-type=\"widget\" data-widget_type=\"image.default\">\n\t\t\t\t<div class=\"elementor-widget-container\">\n\t\t\t\t\t\t\t\t\t\t\t\t\t\t\t<img loading=\"lazy\" decoding=\"async\" width=\"2261\" height=\"1896\" src=\"https:\/\/gourmet4pattes.com\/wp-content\/uploads\/2020\/09\/Poulet40-80-ENG.png\" class=\"attachment-full size-full wp-image-414\" alt=\"\" srcset=\"https:\/\/gourmet4pattes.com\/wp-content\/uploads\/2020\/09\/Poulet40-80-ENG.png 2261w, https:\/\/gourmet4pattes.com\/wp-content\/uploads\/2020\/09\/Poulet40-80-ENG-300x252.png 300w, https:\/\/gourmet4pattes.com\/wp-content\/uploads\/2020\/09\/Poulet40-80-ENG-1024x859.png 1024w, https:\/\/gourmet4pattes.com\/wp-content\/uploads\/2020\/09\/Poulet40-80-ENG-768x644.png 768w, https:\/\/gourmet4pattes.com\/wp-content\/uploads\/2020\/09\/Poulet40-80-ENG-1536x1288.png 1536w, https:\/\/gourmet4pattes.com\/wp-content\/uploads\/2020\/09\/Poulet40-80-ENG-2048x1717.png 2048w\" sizes=\"(max-width: 2261px) 100vw, 2261px\" \/>\t\t\t\t\t\t\t\t\t\t\t\t\t\t\t<\/div>\n\t\t\t\t<\/div>\n\t\t\t\t\t<\/div>\n\t\t<\/div>\n\t\t\t\t\t<\/div>\n\t\t<\/section>\n\t\t\t\t<section class=\"elementor-section elementor-top-section elementor-element elementor-element-621ba16 elementor-section-boxed elementor-section-height-default elementor-section-height-default\" data-id=\"621ba16\" data-element_type=\"section\" data-e-type=\"section\">\n\t\t\t\t\t\t<div class=\"elementor-container elementor-column-gap-default\">\n\t\t\t\t\t<div class=\"elementor-column elementor-col-33 elementor-top-column elementor-element elementor-element-de824ea\" data-id=\"de824ea\" data-element_type=\"column\" data-e-type=\"column\">\n\t\t\t<div class=\"elementor-widget-wrap elementor-element-populated\">\n\t\t\t\t\t\t<div class=\"elementor-element elementor-element-df38a7f elementor-widget elementor-widget-text-editor\" data-id=\"df38a7f\" data-element_type=\"widget\" data-e-type=\"widget\" data-widget_type=\"text-editor.default\">\n\t\t\t\t<div class=\"elementor-widget-container\">\n\t\t\t\t\t\t\t\t\t<h4 style=\"font-style: normal;\"><span style=\"font-weight: bold;\">Proactive Formula<br \/>40 to 80 lbs<br \/><\/span><\/h4><h4 style=\"font-style: normal;\"><span style=\"font-weight: bold;\">Beef<br \/><\/span><\/h4><p style=\"font-size: 15px; font-style: normal; caret-color: #000000; color: #000000;\">These diets are made for golden retrievers, Labrador, cane corso, poodles, boxers etc.\nLarge breeds are predisposed to cancer, heart and skin problems as well as allergies. Diets have been formulated to give a high quality of proteins to support health in general, as well as muscles health.<\/p><p style=\"font-size: 15px; font-style: normal; caret-color: #000000; color: #000000;\">Les Omega 3 sont anti-inflammatoires, ce qui est recherch\u00e9 pour la sant\u00e9 de la peau. Les pommes sont utilis\u00e9es pour le go\u00fbt (les chiens en raffolent) et aussi pour les fibres naturelles qui aident \u00e0 r\u00e9gulariser leur digestion. Des \u00e9tudes laboratoires montrent que leur utilisation peut minimiser les effets des troubles gastro-intestinaux de certaines races et aussi avoir des effets anti-histaminiques.<\/p><p style=\"font-size: 15px; font-style: normal; caret-color: #000000; color: #000000;\"><span style=\"font-weight: bold;\">Ingredients:<br \/><\/span>beef, chicken carcasses, sweet potatoes, beef heart, broccoli, apples, sardines, eggs, beef liver, zinc, manganese, biological kelp.<\/p>\t\t\t\t\t\t\t\t<\/div>\n\t\t\t\t<\/div>\n\t\t\t\t\t<\/div>\n\t\t<\/div>\n\t\t\t\t<div class=\"elementor-column elementor-col-33 elementor-top-column elementor-element elementor-element-9bbb0c6\" data-id=\"9bbb0c6\" data-element_type=\"column\" data-e-type=\"column\">\n\t\t\t<div class=\"elementor-widget-wrap elementor-element-populated\">\n\t\t\t\t\t\t<div class=\"elementor-element elementor-element-4bd3574 elementor-widget elementor-widget-image\" data-id=\"4bd3574\" data-element_type=\"widget\" data-e-type=\"widget\" data-widget_type=\"image.default\">\n\t\t\t\t<div class=\"elementor-widget-container\">\n\t\t\t\t\t\t\t\t\t\t\t\t\t\t\t<img loading=\"lazy\" decoding=\"async\" width=\"1063\" height=\"1772\" src=\"https:\/\/gourmet4pattes.com\/wp-content\/uploads\/2020\/09\/Boeuf-40-80-ENG.jpg\" class=\"attachment-full size-full wp-image-398\" alt=\"\" srcset=\"https:\/\/gourmet4pattes.com\/wp-content\/uploads\/2020\/09\/Boeuf-40-80-ENG.jpg 1063w, https:\/\/gourmet4pattes.com\/wp-content\/uploads\/2020\/09\/Boeuf-40-80-ENG-180x300.jpg 180w, https:\/\/gourmet4pattes.com\/wp-content\/uploads\/2020\/09\/Boeuf-40-80-ENG-614x1024.jpg 614w, https:\/\/gourmet4pattes.com\/wp-content\/uploads\/2020\/09\/Boeuf-40-80-ENG-768x1280.jpg 768w, https:\/\/gourmet4pattes.com\/wp-content\/uploads\/2020\/09\/Boeuf-40-80-ENG-921x1536.jpg 921w\" sizes=\"(max-width: 1063px) 100vw, 1063px\" \/>\t\t\t\t\t\t\t\t\t\t\t\t\t\t\t<\/div>\n\t\t\t\t<\/div>\n\t\t\t\t\t<\/div>\n\t\t<\/div>\n\t\t\t\t<div class=\"elementor-column elementor-col-33 elementor-top-column elementor-element elementor-element-d1239f4\" data-id=\"d1239f4\" data-element_type=\"column\" data-e-type=\"column\">\n\t\t\t<div class=\"elementor-widget-wrap elementor-element-populated\">\n\t\t\t\t\t\t<div class=\"elementor-element elementor-element-98ccb9e elementor-widget elementor-widget-image\" data-id=\"98ccb9e\" data-element_type=\"widget\" data-e-type=\"widget\" data-widget_type=\"image.default\">\n\t\t\t\t<div class=\"elementor-widget-container\">\n\t\t\t\t\t\t\t\t\t\t\t\t\t\t\t<img loading=\"lazy\" decoding=\"async\" width=\"2261\" height=\"1896\" src=\"https:\/\/gourmet4pattes.com\/wp-content\/uploads\/2020\/09\/Beef40-80-ENG.png\" class=\"attachment-full size-full wp-image-483\" alt=\"\" srcset=\"https:\/\/gourmet4pattes.com\/wp-content\/uploads\/2020\/09\/Beef40-80-ENG.png 2261w, https:\/\/gourmet4pattes.com\/wp-content\/uploads\/2020\/09\/Beef40-80-ENG-300x252.png 300w, https:\/\/gourmet4pattes.com\/wp-content\/uploads\/2020\/09\/Beef40-80-ENG-1024x859.png 1024w, https:\/\/gourmet4pattes.com\/wp-content\/uploads\/2020\/09\/Beef40-80-ENG-768x644.png 768w, https:\/\/gourmet4pattes.com\/wp-content\/uploads\/2020\/09\/Beef40-80-ENG-1536x1288.png 1536w, https:\/\/gourmet4pattes.com\/wp-content\/uploads\/2020\/09\/Beef40-80-ENG-2048x1717.png 2048w\" sizes=\"(max-width: 2261px) 100vw, 2261px\" \/>\t\t\t\t\t\t\t\t\t\t\t\t\t\t\t<\/div>\n\t\t\t\t<\/div>\n\t\t\t\t\t<\/div>\n\t\t<\/div>\n\t\t\t\t\t<\/div>\n\t\t<\/section>\n\t\t\t\t<\/div>","protected":false},"excerpt":{"rendered":"<p>NOS FORMULES MOYENNES RACES Formule Proactive40 \u00e0 80 lbs Cheval Cette formule s\u2019adresse aux chiens golden retriever, labrador, setter irlandais, cane corso, caniche, boxer, etc. Ces races sont pr\u00e9dispos\u00e9es aux cancers, probl\u00e8mes de c\u0153ur, de peau, d\u2019allergies, \u00e9pilepsie et hypothyro\u00efdie. Les di\u00e8tes ont \u00e9t\u00e9 formul\u00e9es pour donner une haute qualit\u00e9 de prot\u00e9ines pour supporter la [&hellip;]<\/p>\n","protected":false},"author":1,"featured_media":0,"parent":0,"menu_order":0,"comment_status":"closed","ping_status":"closed","template":"","meta":{"nf_dc_page":"","_monsterinsights_skip_tracking":false,"_monsterinsights_sitenote_active":false,"_monsterinsights_sitenote_note":"","_monsterinsights_sitenote_category":0,"site-sidebar-layout":"no-sidebar","site-content-layout":"page-builder","ast-site-content-layout":"default","site-content-style":"default","site-sidebar-style":"default","ast-global-header-display":"","ast-banner-title-visibility":"","ast-main-header-display":"","ast-hfb-above-header-display":"","ast-hfb-below-header-display":"","ast-hfb-mobile-header-display":"","site-post-title":"disabled","ast-breadcrumbs-content":"","ast-featured-img":"disabled","footer-sml-layout":"","ast-disable-related-posts":"","theme-transparent-header-meta":"default","adv-header-id-meta":"","stick-header-meta":"","header-above-stick-meta":"","header-main-stick-meta":"","header-below-stick-meta":"","astra-migrate-meta-layouts":"default","ast-page-background-enabled":"default","ast-page-background-meta":{"desktop":{"background-color":"","background-image":"","background-repeat":"repeat","background-position":"center center","background-size":"auto","background-attachment":"scroll","background-type":"","background-media":"","overlay-type":"","overlay-color":"","overlay-opacity":"","overlay-gradient":""},"tablet":{"background-color":"","background-image":"","background-repeat":"repeat","background-position":"center center","background-size":"auto","background-attachment":"scroll","background-type":"","background-media":"","overlay-type":"","overlay-color":"","overlay-opacity":"","overlay-gradient":""},"mobile":{"background-color":"","background-image":"","background-repeat":"repeat","background-position":"center center","background-size":"auto","background-attachment":"scroll","background-type":"","background-media":"","overlay-type":"","overlay-color":"","overlay-opacity":"","overlay-gradient":""}},"ast-content-background-meta":{"desktop":{"background-color":"var(--ast-global-color-5)","background-image":"","background-repeat":"repeat","background-position":"center center","background-size":"auto","background-attachment":"scroll","background-type":"","background-media":"","overlay-type":"","overlay-color":"","overlay-opacity":"","overlay-gradient":""},"tablet":{"background-color":"var(--ast-global-color-5)","background-image":"","background-repeat":"repeat","background-position":"center center","background-size":"auto","background-attachment":"scroll","background-type":"","background-media":"","overlay-type":"","overlay-color":"","overlay-opacity":"","overlay-gradient":""},"mobile":{"background-color":"var(--ast-global-color-5)","background-image":"","background-repeat":"repeat","background-position":"center center","background-size":"auto","background-attachment":"scroll","background-type":"","background-media":"","overlay-type":"","overlay-color":"","overlay-opacity":"","overlay-gradient":""}},"footnotes":""},"class_list":["post-162","page","type-page","status-publish","hentry"],"_links":{"self":[{"href":"https:\/\/gourmet4pattes.com\/en\/wp-json\/wp\/v2\/pages\/162","targetHints":{"allow":["GET"]}}],"collection":[{"href":"https:\/\/gourmet4pattes.com\/en\/wp-json\/wp\/v2\/pages"}],"about":[{"href":"https:\/\/gourmet4pattes.com\/en\/wp-json\/wp\/v2\/types\/page"}],"author":[{"embeddable":true,"href":"https:\/\/gourmet4pattes.com\/en\/wp-json\/wp\/v2\/users\/1"}],"replies":[{"embeddable":true,"href":"https:\/\/gourmet4pattes.com\/en\/wp-json\/wp\/v2\/comments?post=162"}],"version-history":[{"count":0,"href":"https:\/\/gourmet4pattes.com\/en\/wp-json\/wp\/v2\/pages\/162\/revisions"}],"wp:attachment":[{"href":"https:\/\/gourmet4pattes.com\/en\/wp-json\/wp\/v2\/media?parent=162"}],"curies":[{"name":"wp","href":"https:\/\/api.w.org\/{rel}","templated":true}]}}