{"id":155,"date":"2020-09-07T18:13:31","date_gmt":"2020-09-07T18:13:31","guid":{"rendered":"http:\/\/box5352.temp.domains\/~captusp8\/gourmet4pattes\/?page_id=155"},"modified":"2021-01-21T16:37:02","modified_gmt":"2021-01-21T16:37:02","slug":"petite-race","status":"publish","type":"page","link":"https:\/\/gourmet4pattes.com\/en\/petite-race\/","title":{"rendered":"Small Breed"},"content":{"rendered":"<div data-elementor-type=\"wp-page\" data-elementor-id=\"155\" class=\"elementor elementor-155\" data-elementor-post-type=\"page\">\n\t\t\t\t\t\t<section class=\"elementor-section elementor-top-section elementor-element elementor-element-8e7caa6 elementor-section-height-full elementor-section-full_width elementor-hidden-desktop elementor-hidden-tablet elementor-section-height-default elementor-section-items-middle\" data-id=\"8e7caa6\" data-element_type=\"section\" data-e-type=\"section\" data-settings=\"{&quot;background_background&quot;:&quot;classic&quot;}\">\n\t\t\t\t\t\t<div class=\"elementor-container elementor-column-gap-default\">\n\t\t\t\t\t<div class=\"elementor-column elementor-col-100 elementor-top-column elementor-element elementor-element-9a6eb98\" data-id=\"9a6eb98\" data-element_type=\"column\" data-e-type=\"column\">\n\t\t\t<div class=\"elementor-widget-wrap elementor-element-populated\">\n\t\t\t\t\t\t<div class=\"elementor-element elementor-element-1ff9b81 elementor-widget elementor-widget-image\" data-id=\"1ff9b81\" data-element_type=\"widget\" data-e-type=\"widget\" data-widget_type=\"image.default\">\n\t\t\t\t<div class=\"elementor-widget-container\">\n\t\t\t\t\t\t\t\t\t\t\t\t\t\t\t<img fetchpriority=\"high\" decoding=\"async\" width=\"300\" height=\"300\" src=\"https:\/\/gourmet4pattes.com\/wp-content\/uploads\/2020\/09\/petite-race-300x300.png\" class=\"attachment-medium size-medium wp-image-149\" alt=\"\" srcset=\"https:\/\/gourmet4pattes.com\/wp-content\/uploads\/2020\/09\/petite-race-300x300.png 300w, https:\/\/gourmet4pattes.com\/wp-content\/uploads\/2020\/09\/petite-race-1024x1024.png 1024w, https:\/\/gourmet4pattes.com\/wp-content\/uploads\/2020\/09\/petite-race-150x150.png 150w, https:\/\/gourmet4pattes.com\/wp-content\/uploads\/2020\/09\/petite-race-768x768.png 768w, https:\/\/gourmet4pattes.com\/wp-content\/uploads\/2020\/09\/petite-race-1536x1536.png 1536w, https:\/\/gourmet4pattes.com\/wp-content\/uploads\/2020\/09\/petite-race-2048x2048.png 2048w, https:\/\/gourmet4pattes.com\/wp-content\/uploads\/2020\/09\/petite-race-20x20.png 20w, https:\/\/gourmet4pattes.com\/wp-content\/uploads\/2020\/09\/petite-race.png 778w\" sizes=\"(max-width: 300px) 100vw, 300px\" \/>\t\t\t\t\t\t\t\t\t\t\t\t\t\t\t<\/div>\n\t\t\t\t<\/div>\n\t\t\t\t\t<\/div>\n\t\t<\/div>\n\t\t\t\t\t<\/div>\n\t\t<\/section>\n\t\t\t\t<section class=\"elementor-section elementor-top-section elementor-element elementor-element-1445968 elementor-section-height-min-height elementor-hidden-phone elementor-section-boxed elementor-section-height-default elementor-section-items-middle\" data-id=\"1445968\" data-element_type=\"section\" data-e-type=\"section\" data-settings=\"{&quot;background_background&quot;:&quot;classic&quot;}\">\n\t\t\t\t\t\t<div class=\"elementor-container elementor-column-gap-default\">\n\t\t\t\t\t<div class=\"elementor-column elementor-col-100 elementor-top-column elementor-element elementor-element-ebe38dd\" data-id=\"ebe38dd\" data-element_type=\"column\" data-e-type=\"column\">\n\t\t\t<div class=\"elementor-widget-wrap elementor-element-populated\">\n\t\t\t\t\t\t<div class=\"elementor-element elementor-element-b191323 elementor-widget elementor-widget-image\" data-id=\"b191323\" data-element_type=\"widget\" data-e-type=\"widget\" data-widget_type=\"image.default\">\n\t\t\t\t<div class=\"elementor-widget-container\">\n\t\t\t\t\t\t\t\t\t\t\t\t\t\t\t<img fetchpriority=\"high\" decoding=\"async\" width=\"300\" height=\"300\" src=\"https:\/\/gourmet4pattes.com\/wp-content\/uploads\/2020\/09\/petite-race-300x300.png\" class=\"attachment-medium size-medium wp-image-149\" alt=\"\" srcset=\"https:\/\/gourmet4pattes.com\/wp-content\/uploads\/2020\/09\/petite-race-300x300.png 300w, https:\/\/gourmet4pattes.com\/wp-content\/uploads\/2020\/09\/petite-race-1024x1024.png 1024w, https:\/\/gourmet4pattes.com\/wp-content\/uploads\/2020\/09\/petite-race-150x150.png 150w, https:\/\/gourmet4pattes.com\/wp-content\/uploads\/2020\/09\/petite-race-768x768.png 768w, https:\/\/gourmet4pattes.com\/wp-content\/uploads\/2020\/09\/petite-race-1536x1536.png 1536w, https:\/\/gourmet4pattes.com\/wp-content\/uploads\/2020\/09\/petite-race-2048x2048.png 2048w, https:\/\/gourmet4pattes.com\/wp-content\/uploads\/2020\/09\/petite-race-20x20.png 20w, https:\/\/gourmet4pattes.com\/wp-content\/uploads\/2020\/09\/petite-race.png 778w\" sizes=\"(max-width: 300px) 100vw, 300px\" \/>\t\t\t\t\t\t\t\t\t\t\t\t\t\t\t<\/div>\n\t\t\t\t<\/div>\n\t\t\t\t\t<\/div>\n\t\t<\/div>\n\t\t\t\t\t<\/div>\n\t\t<\/section>\n\t\t\t\t<section class=\"elementor-section elementor-top-section elementor-element elementor-element-1b6f546 elementor-section-boxed elementor-section-height-default elementor-section-height-default\" data-id=\"1b6f546\" data-element_type=\"section\" data-e-type=\"section\">\n\t\t\t\t\t\t<div class=\"elementor-container elementor-column-gap-default\">\n\t\t\t\t\t<div class=\"elementor-column elementor-col-100 elementor-top-column elementor-element elementor-element-8b1683e\" data-id=\"8b1683e\" data-element_type=\"column\" data-e-type=\"column\">\n\t\t\t<div class=\"elementor-widget-wrap elementor-element-populated\">\n\t\t\t\t\t\t<div class=\"elementor-element elementor-element-c3def06 elementor-widget elementor-widget-heading\" data-id=\"c3def06\" data-element_type=\"widget\" data-e-type=\"widget\" data-widget_type=\"heading.default\">\n\t\t\t\t<div class=\"elementor-widget-container\">\n\t\t\t\t\t<h3 class=\"elementor-heading-title elementor-size-default\">OUR FORMULAS FOR SMALL BREEDS<\/h3>\t\t\t\t<\/div>\n\t\t\t\t<\/div>\n\t\t\t\t\t<\/div>\n\t\t<\/div>\n\t\t\t\t\t<\/div>\n\t\t<\/section>\n\t\t\t\t<section class=\"elementor-section elementor-top-section elementor-element elementor-element-39a9685 elementor-section-boxed elementor-section-height-default elementor-section-height-default\" data-id=\"39a9685\" data-element_type=\"section\" data-e-type=\"section\">\n\t\t\t\t\t\t<div class=\"elementor-container elementor-column-gap-extended\">\n\t\t\t\t\t<div class=\"elementor-column elementor-col-33 elementor-top-column elementor-element elementor-element-a6ae5f2\" data-id=\"a6ae5f2\" data-element_type=\"column\" data-e-type=\"column\">\n\t\t\t<div class=\"elementor-widget-wrap elementor-element-populated\">\n\t\t\t\t\t\t<div class=\"elementor-element elementor-element-21abe05 elementor-widget elementor-widget-text-editor\" data-id=\"21abe05\" data-element_type=\"widget\" data-e-type=\"widget\" data-widget_type=\"text-editor.default\">\n\t\t\t\t<div class=\"elementor-widget-container\">\n\t\t\t\t\t\t\t\t\t<h4><strong>Generic turkey formula<\/strong><\/h4><p><strong>(small race adult dogs)<\/strong><br \/><strong>(less than 20lbs)<\/strong><\/p><p>This diet provides a higher animal protein level. It will support eyes, hearth and joint health. This formula supports the nutritional needs of a small breed 20 pounds dog, moderately active<br \/><br \/><strong>Ingredients:<br \/><\/strong>boneless turkey thigh, chicken gizzards, chicken carcasses, sweet potatoes, chicken hearts, sardines, chicken liver, apples, calcium citrate, magnesium citrate, copper, zinc, manganese, vitamin D, and kelp.<\/p>\t\t\t\t\t\t\t\t<\/div>\n\t\t\t\t<\/div>\n\t\t\t\t\t<\/div>\n\t\t<\/div>\n\t\t\t\t<div class=\"elementor-column elementor-col-33 elementor-top-column elementor-element elementor-element-798f8dc\" data-id=\"798f8dc\" data-element_type=\"column\" data-e-type=\"column\">\n\t\t\t<div class=\"elementor-widget-wrap elementor-element-populated\">\n\t\t\t\t\t\t<div class=\"elementor-element elementor-element-59772b0 elementor-widget elementor-widget-image\" data-id=\"59772b0\" data-element_type=\"widget\" data-e-type=\"widget\" data-widget_type=\"image.default\">\n\t\t\t\t<div class=\"elementor-widget-container\">\n\t\t\t\t\t\t\t\t\t\t\t\t\t\t\t<img decoding=\"async\" width=\"1063\" height=\"1772\" src=\"https:\/\/gourmet4pattes.com\/wp-content\/uploads\/2020\/09\/Dinde-moins20-ENG.jpg\" class=\"attachment-full size-full wp-image-410\" alt=\"\" srcset=\"https:\/\/gourmet4pattes.com\/wp-content\/uploads\/2020\/09\/Dinde-moins20-ENG.jpg 1063w, https:\/\/gourmet4pattes.com\/wp-content\/uploads\/2020\/09\/Dinde-moins20-ENG-180x300.jpg 180w, https:\/\/gourmet4pattes.com\/wp-content\/uploads\/2020\/09\/Dinde-moins20-ENG-614x1024.jpg 614w, https:\/\/gourmet4pattes.com\/wp-content\/uploads\/2020\/09\/Dinde-moins20-ENG-768x1280.jpg 768w, https:\/\/gourmet4pattes.com\/wp-content\/uploads\/2020\/09\/Dinde-moins20-ENG-921x1536.jpg 921w\" sizes=\"(max-width: 1063px) 100vw, 1063px\" \/>\t\t\t\t\t\t\t\t\t\t\t\t\t\t\t<\/div>\n\t\t\t\t<\/div>\n\t\t\t\t\t<\/div>\n\t\t<\/div>\n\t\t\t\t<div class=\"elementor-column elementor-col-33 elementor-top-column elementor-element elementor-element-5cf83b0\" data-id=\"5cf83b0\" data-element_type=\"column\" data-e-type=\"column\">\n\t\t\t<div class=\"elementor-widget-wrap elementor-element-populated\">\n\t\t\t\t\t\t<div class=\"elementor-element elementor-element-50b6be7 elementor-widget elementor-widget-image\" data-id=\"50b6be7\" data-element_type=\"widget\" data-e-type=\"widget\" data-widget_type=\"image.default\">\n\t\t\t\t<div class=\"elementor-widget-container\">\n\t\t\t\t\t\t\t\t\t\t\t\t\t\t\t<img decoding=\"async\" width=\"1333\" height=\"1868\" src=\"https:\/\/gourmet4pattes.com\/wp-content\/uploads\/2020\/09\/Dinde20etmoins-ENG.png\" class=\"attachment-full size-full wp-image-408\" alt=\"\" srcset=\"https:\/\/gourmet4pattes.com\/wp-content\/uploads\/2020\/09\/Dinde20etmoins-ENG.png 1332w, https:\/\/gourmet4pattes.com\/wp-content\/uploads\/2020\/09\/Dinde20etmoins-ENG-214x300.png 214w, https:\/\/gourmet4pattes.com\/wp-content\/uploads\/2020\/09\/Dinde20etmoins-ENG-730x1024.png 730w, https:\/\/gourmet4pattes.com\/wp-content\/uploads\/2020\/09\/Dinde20etmoins-ENG-768x1077.png 768w, https:\/\/gourmet4pattes.com\/wp-content\/uploads\/2020\/09\/Dinde20etmoins-ENG-1095x1536.png 1095w\" sizes=\"(max-width: 1333px) 100vw, 1333px\" \/>\t\t\t\t\t\t\t\t\t\t\t\t\t\t\t<\/div>\n\t\t\t\t<\/div>\n\t\t\t\t\t<\/div>\n\t\t<\/div>\n\t\t\t\t\t<\/div>\n\t\t<\/section>\n\t\t\t\t<\/div>","protected":false},"excerpt":{"rendered":"<p>NOS FORMULES PETITES RACES Formule g\u00e9n\u00e9rique \u00e1 la dinde (chiens adultes de petites races)(moins de 20livres) Cette formule fournit une prot\u00e9ine animale plus \u00e9lev\u00e9e, et supporte la sant\u00e9 des yeux, du c\u0153ur et des articulations. Elle saura combler les besoins nutritionnels d\u2019un chien de petite race, moyennement actif. Les calculs nutritionnels ont \u00e9t\u00e9 faits pour [&hellip;]<\/p>\n","protected":false},"author":1,"featured_media":0,"parent":0,"menu_order":0,"comment_status":"closed","ping_status":"closed","template":"","meta":{"nf_dc_page":"","_monsterinsights_skip_tracking":false,"_monsterinsights_sitenote_active":false,"_monsterinsights_sitenote_note":"","_monsterinsights_sitenote_category":0,"site-sidebar-layout":"no-sidebar","site-content-layout":"page-builder","ast-site-content-layout":"default","site-content-style":"default","site-sidebar-style":"default","ast-global-header-display":"","ast-banner-title-visibility":"","ast-main-header-display":"","ast-hfb-above-header-display":"","ast-hfb-below-header-display":"","ast-hfb-mobile-header-display":"","site-post-title":"disabled","ast-breadcrumbs-content":"","ast-featured-img":"disabled","footer-sml-layout":"","ast-disable-related-posts":"","theme-transparent-header-meta":"default","adv-header-id-meta":"","stick-header-meta":"","header-above-stick-meta":"","header-main-stick-meta":"","header-below-stick-meta":"","astra-migrate-meta-layouts":"default","ast-page-background-enabled":"default","ast-page-background-meta":{"desktop":{"background-color":"","background-image":"","background-repeat":"repeat","background-position":"center center","background-size":"auto","background-attachment":"scroll","background-type":"","background-media":"","overlay-type":"","overlay-color":"","overlay-opacity":"","overlay-gradient":""},"tablet":{"background-color":"","background-image":"","background-repeat":"repeat","background-position":"center center","background-size":"auto","background-attachment":"scroll","background-type":"","background-media":"","overlay-type":"","overlay-color":"","overlay-opacity":"","overlay-gradient":""},"mobile":{"background-color":"","background-image":"","background-repeat":"repeat","background-position":"center center","background-size":"auto","background-attachment":"scroll","background-type":"","background-media":"","overlay-type":"","overlay-color":"","overlay-opacity":"","overlay-gradient":""}},"ast-content-background-meta":{"desktop":{"background-color":"var(--ast-global-color-5)","background-image":"","background-repeat":"repeat","background-position":"center center","background-size":"auto","background-attachment":"scroll","background-type":"","background-media":"","overlay-type":"","overlay-color":"","overlay-opacity":"","overlay-gradient":""},"tablet":{"background-color":"var(--ast-global-color-5)","background-image":"","background-repeat":"repeat","background-position":"center center","background-size":"auto","background-attachment":"scroll","background-type":"","background-media":"","overlay-type":"","overlay-color":"","overlay-opacity":"","overlay-gradient":""},"mobile":{"background-color":"var(--ast-global-color-5)","background-image":"","background-repeat":"repeat","background-position":"center center","background-size":"auto","background-attachment":"scroll","background-type":"","background-media":"","overlay-type":"","overlay-color":"","overlay-opacity":"","overlay-gradient":""}},"footnotes":""},"class_list":["post-155","page","type-page","status-publish","hentry"],"_links":{"self":[{"href":"https:\/\/gourmet4pattes.com\/en\/wp-json\/wp\/v2\/pages\/155","targetHints":{"allow":["GET"]}}],"collection":[{"href":"https:\/\/gourmet4pattes.com\/en\/wp-json\/wp\/v2\/pages"}],"about":[{"href":"https:\/\/gourmet4pattes.com\/en\/wp-json\/wp\/v2\/types\/page"}],"author":[{"embeddable":true,"href":"https:\/\/gourmet4pattes.com\/en\/wp-json\/wp\/v2\/users\/1"}],"replies":[{"embeddable":true,"href":"https:\/\/gourmet4pattes.com\/en\/wp-json\/wp\/v2\/comments?post=155"}],"version-history":[{"count":0,"href":"https:\/\/gourmet4pattes.com\/en\/wp-json\/wp\/v2\/pages\/155\/revisions"}],"wp:attachment":[{"href":"https:\/\/gourmet4pattes.com\/en\/wp-json\/wp\/v2\/media?parent=155"}],"curies":[{"name":"wp","href":"https:\/\/api.w.org\/{rel}","templated":true}]}}