{"id":152,"date":"2020-09-07T17:59:18","date_gmt":"2020-09-07T17:59:18","guid":{"rendered":"http:\/\/box5352.temp.domains\/~captusp8\/gourmet4pattes\/?page_id=152"},"modified":"2021-02-23T17:45:29","modified_gmt":"2021-02-23T17:45:29","slug":"chiot","status":"publish","type":"page","link":"https:\/\/gourmet4pattes.com\/en\/chiot\/","title":{"rendered":"Puppy"},"content":{"rendered":"<div data-elementor-type=\"wp-page\" data-elementor-id=\"152\" class=\"elementor elementor-152\" data-elementor-post-type=\"page\">\n\t\t\t\t\t\t<section class=\"elementor-section elementor-top-section elementor-element elementor-element-2741fa7 elementor-section-height-full elementor-section-full_width elementor-hidden-desktop elementor-hidden-tablet elementor-section-height-default elementor-section-items-middle\" data-id=\"2741fa7\" data-element_type=\"section\" data-e-type=\"section\" data-settings=\"{&quot;background_background&quot;:&quot;classic&quot;}\">\n\t\t\t\t\t\t<div class=\"elementor-container elementor-column-gap-default\">\n\t\t\t\t\t<div class=\"elementor-column elementor-col-100 elementor-top-column elementor-element elementor-element-d7cb347\" data-id=\"d7cb347\" data-element_type=\"column\" data-e-type=\"column\">\n\t\t\t<div class=\"elementor-widget-wrap elementor-element-populated\">\n\t\t\t\t\t\t<div class=\"elementor-element elementor-element-f248580 elementor-widget elementor-widget-image\" data-id=\"f248580\" data-element_type=\"widget\" data-e-type=\"widget\" data-widget_type=\"image.default\">\n\t\t\t\t<div class=\"elementor-widget-container\">\n\t\t\t\t\t\t\t\t\t\t\t\t\t\t\t<img fetchpriority=\"high\" decoding=\"async\" width=\"300\" height=\"300\" src=\"https:\/\/gourmet4pattes.com\/wp-content\/uploads\/2020\/09\/chiot-300x300.png\" class=\"attachment-medium size-medium wp-image-145\" alt=\"\" srcset=\"https:\/\/gourmet4pattes.com\/wp-content\/uploads\/2020\/09\/chiot-300x300.png 300w, https:\/\/gourmet4pattes.com\/wp-content\/uploads\/2020\/09\/chiot-1024x1024.png 1024w, https:\/\/gourmet4pattes.com\/wp-content\/uploads\/2020\/09\/chiot-150x150.png 150w, https:\/\/gourmet4pattes.com\/wp-content\/uploads\/2020\/09\/chiot-768x768.png 768w, https:\/\/gourmet4pattes.com\/wp-content\/uploads\/2020\/09\/chiot-1536x1536.png 1536w, https:\/\/gourmet4pattes.com\/wp-content\/uploads\/2020\/09\/chiot-2048x2048.png 2048w, https:\/\/gourmet4pattes.com\/wp-content\/uploads\/2020\/09\/chiot-20x20.png 20w, https:\/\/gourmet4pattes.com\/wp-content\/uploads\/2020\/09\/chiot.png 804w\" sizes=\"(max-width: 300px) 100vw, 300px\" \/>\t\t\t\t\t\t\t\t\t\t\t\t\t\t\t<\/div>\n\t\t\t\t<\/div>\n\t\t\t\t\t<\/div>\n\t\t<\/div>\n\t\t\t\t\t<\/div>\n\t\t<\/section>\n\t\t\t\t<section class=\"elementor-section elementor-top-section elementor-element elementor-element-c0b1102 elementor-section-height-min-height elementor-section-full_width elementor-hidden-phone elementor-section-height-default elementor-section-items-middle\" data-id=\"c0b1102\" data-element_type=\"section\" data-e-type=\"section\" data-settings=\"{&quot;background_background&quot;:&quot;classic&quot;}\">\n\t\t\t\t\t\t<div class=\"elementor-container elementor-column-gap-default\">\n\t\t\t\t\t<div class=\"elementor-column elementor-col-100 elementor-top-column elementor-element elementor-element-e94d5a7\" data-id=\"e94d5a7\" data-element_type=\"column\" data-e-type=\"column\">\n\t\t\t<div class=\"elementor-widget-wrap elementor-element-populated\">\n\t\t\t\t\t\t<div class=\"elementor-element elementor-element-b2e06ba elementor-widget elementor-widget-image\" data-id=\"b2e06ba\" data-element_type=\"widget\" data-e-type=\"widget\" data-widget_type=\"image.default\">\n\t\t\t\t<div class=\"elementor-widget-container\">\n\t\t\t\t\t\t\t\t\t\t\t\t\t\t\t<img fetchpriority=\"high\" decoding=\"async\" width=\"300\" height=\"300\" src=\"https:\/\/gourmet4pattes.com\/wp-content\/uploads\/2020\/09\/chiot-300x300.png\" class=\"attachment-medium size-medium wp-image-145\" alt=\"\" srcset=\"https:\/\/gourmet4pattes.com\/wp-content\/uploads\/2020\/09\/chiot-300x300.png 300w, https:\/\/gourmet4pattes.com\/wp-content\/uploads\/2020\/09\/chiot-1024x1024.png 1024w, https:\/\/gourmet4pattes.com\/wp-content\/uploads\/2020\/09\/chiot-150x150.png 150w, https:\/\/gourmet4pattes.com\/wp-content\/uploads\/2020\/09\/chiot-768x768.png 768w, https:\/\/gourmet4pattes.com\/wp-content\/uploads\/2020\/09\/chiot-1536x1536.png 1536w, https:\/\/gourmet4pattes.com\/wp-content\/uploads\/2020\/09\/chiot-2048x2048.png 2048w, https:\/\/gourmet4pattes.com\/wp-content\/uploads\/2020\/09\/chiot-20x20.png 20w, https:\/\/gourmet4pattes.com\/wp-content\/uploads\/2020\/09\/chiot.png 804w\" sizes=\"(max-width: 300px) 100vw, 300px\" \/>\t\t\t\t\t\t\t\t\t\t\t\t\t\t\t<\/div>\n\t\t\t\t<\/div>\n\t\t\t\t\t<\/div>\n\t\t<\/div>\n\t\t\t\t\t<\/div>\n\t\t<\/section>\n\t\t\t\t<section class=\"elementor-section elementor-top-section elementor-element elementor-element-2fa80df elementor-section-boxed elementor-section-height-default elementor-section-height-default\" data-id=\"2fa80df\" data-element_type=\"section\" data-e-type=\"section\">\n\t\t\t\t\t\t<div class=\"elementor-container elementor-column-gap-default\">\n\t\t\t\t\t<div class=\"elementor-column elementor-col-100 elementor-top-column elementor-element elementor-element-3de6d50\" data-id=\"3de6d50\" data-element_type=\"column\" data-e-type=\"column\">\n\t\t\t<div class=\"elementor-widget-wrap elementor-element-populated\">\n\t\t\t\t\t\t<div class=\"elementor-element elementor-element-98ec071 elementor-widget elementor-widget-heading\" data-id=\"98ec071\" data-element_type=\"widget\" data-e-type=\"widget\" data-widget_type=\"heading.default\">\n\t\t\t\t<div class=\"elementor-widget-container\">\n\t\t\t\t\t<h4 class=\"elementor-heading-title elementor-size-default\">OUR PUPPY FORMULAS<\/h4>\t\t\t\t<\/div>\n\t\t\t\t<\/div>\n\t\t\t\t\t<\/div>\n\t\t<\/div>\n\t\t\t\t\t<\/div>\n\t\t<\/section>\n\t\t\t\t<section class=\"elementor-section elementor-top-section elementor-element elementor-element-5e61ec8 elementor-section-boxed elementor-section-height-default elementor-section-height-default\" data-id=\"5e61ec8\" data-element_type=\"section\" data-e-type=\"section\">\n\t\t\t\t\t\t<div class=\"elementor-container elementor-column-gap-default\">\n\t\t\t\t\t<div class=\"elementor-column elementor-col-100 elementor-top-column elementor-element elementor-element-49edc4c\" data-id=\"49edc4c\" data-element_type=\"column\" data-e-type=\"column\">\n\t\t\t<div class=\"elementor-widget-wrap elementor-element-populated\">\n\t\t\t\t\t\t<div class=\"elementor-element elementor-element-fc4a9dd elementor-widget elementor-widget-text-editor\" data-id=\"fc4a9dd\" data-element_type=\"widget\" data-e-type=\"widget\" data-widget_type=\"text-editor.default\">\n\t\t\t\t<div class=\"elementor-widget-container\">\n\t\t\t\t\t\t\t\t\t<p dir=\"ltr\" style=\"line-height: 1.2; margin-top: 0pt; margin-bottom: 8pt;\"><span style=\"font-family: Montserrat, sans-serif; font-size: 18pt; font-weight: bold; white-space: pre-wrap;\">Large breed puppy formula<\/span><\/p>\n<p dir=\"ltr\">\n<\/p><p dir=\"ltr\" style=\"line-height: 1.2; margin-top: 0pt; margin-bottom: 8pt;\"><span style=\"font-family: Montserrat, sans-serif; font-size: 18pt; font-weight: bold; white-space: pre-wrap;\">Horse<\/span><\/p>\n<p dir=\"ltr\" style=\"line-height: 1.2; margin-top: 0pt; margin-bottom: 8pt;\"><span style=\"font-size: 10.5pt; font-family: Verdana; color: #000000; background-color: transparent; font-weight: 400; font-style: normal; font-variant: normal; text-decoration: none; vertical-align: baseline; white-space: pre-wrap;\">Puppies formulas are specifically made to support the overall health, establish mineral reserves for the body and provide a solid foundation to the future adult (skeletal formation). Here we talk of giving an early start to the possible preventions to avoid future health problems.&nbsp;<\/span><\/p>\n<p dir=\"ltr\" style=\"line-height: 1.2; margin-top: 0pt; margin-bottom: 8pt;\"><span style=\"font-size: 10.5pt; font-family: Verdana; color: #000000; background-color: transparent; font-weight: 400; font-style: normal; font-variant: normal; text-decoration: none; vertical-align: baseline; white-space: pre-wrap;\">As the nutritional needs of puppies (as well as adult dogs too) are not linear to weight, we modify puppies formulas according to weight gain to adjust their nutritional needs. This allows the puppy to grow slowly, and in strength. There are 3 formulas available: 8 to 16 weeks, 16 to 24 weeks, and 24 weeks and over. \nAs soon as your puppy gets to half of his adult weight, it is possible that he eats up to 3 pounds per day, to get back to the following chart after. We give the puppy formula up to 10 to 12 months of age, and then make a transition to adult formulas.<\/span><\/p>\n<p><strong><span style=\"font-size: 10.5pt; font-family: Verdana; color: #000000; background-color: transparent; font-style: normal; font-variant-ligatures: normal; font-variant-caps: normal; font-variant-east-asian: normal; font-variant-position: normal; text-decoration: none; vertical-align: baseline; white-space: pre-wrap;\"><br>Portions:<\/span><\/strong><\/p>\n<p dir=\"ltr\" style=\"line-height: 1.2; margin-top: 0pt; margin-bottom: 8pt;\"><span style=\"font-size: 10.5pt; font-family: Verdana; color: #000000; background-color: transparent; font-weight: 400; font-style: normal; font-variant: normal; text-decoration: none; vertical-align: baseline; white-space: pre-wrap;\">8 to 16 weeks puppy : .75 to 2 pounds per day.<\/span><\/p>\n<p dir=\"ltr\" style=\"line-height: 1.2; margin-top: 0pt; margin-bottom: 8pt;\"><span style=\"font-size: 10.5pt; font-family: Verdana; color: #000000; background-color: transparent; font-weight: 400; font-style: normal; font-variant: normal; text-decoration: none; vertical-align: baseline; white-space: pre-wrap;\">16 to 24 weeks puppy: 2 pounds per day.<\/span><\/p>\n<p dir=\"ltr\" style=\"line-height: 1.2; margin-top: 0pt; margin-bottom: 8pt;\"><span style=\"font-size: 10.5pt; font-family: Verdana; color: #000000; background-color: transparent; font-weight: 400; font-style: normal; font-variant: normal; text-decoration: none; vertical-align: baseline; white-space: pre-wrap;\">24 weeks and more : 2.5 pounds per day.<\/span><\/p>\n<p dir=\"ltr\" style=\"line-height: 1.2; margin-top: 0pt; margin-bottom: 8pt;\"><strong><span style=\"font-size: 10.5pt; font-family: Verdana; color: #000000; background-color: transparent; font-style: normal; font-variant-ligatures: normal; font-variant-caps: normal; font-variant-east-asian: normal; font-variant-position: normal; text-decoration: none; vertical-align: baseline; white-space: pre-wrap;\"><br>Ingredients:<\/span><\/strong><\/p>\n<p dir=\"ltr\" style=\"line-height: 1.2; margin-top: 0pt; margin-bottom: 8pt;\"><span style=\"font-size: 10.5pt; font-family: Verdana; color: #000000; background-color: transparent; font-weight: 400; font-style: normal; font-variant: normal; text-decoration: none; vertical-align: baseline; white-space: pre-wrap;\">horse, chicken carcasses, beef heart, sweet potatoes, chicken breast, sardines, eggs, beef liver, iron, copper, zinc, manganese, biological kelp.<\/span><\/p>\t\t\t\t\t\t\t\t<\/div>\n\t\t\t\t<\/div>\n\t\t\t\t\t<\/div>\n\t\t<\/div>\n\t\t\t\t\t<\/div>\n\t\t<\/section>\n\t\t\t\t<\/div>","protected":false},"excerpt":{"rendered":"<p>NOS FORMULES CHIOTS Formules chiots grande races Cheval Les formules chiots sont express\u00e9ment faites pour supporter la sant\u00e9 en g\u00e9n\u00e9ral, \u00e9tablir les r\u00e9serves en min\u00e9raux pour le corps et donner une solide fondation au futur adulte (formation du squelette). Il s\u2019agit d\u2019utiliser une nutrition proactive afin de pr\u00e9venir les probl\u00e8mes de sant\u00e9 futurs.&nbsp; Comme les [&hellip;]<\/p>\n","protected":false},"author":1,"featured_media":0,"parent":0,"menu_order":0,"comment_status":"closed","ping_status":"closed","template":"","meta":{"nf_dc_page":"","_monsterinsights_skip_tracking":false,"_monsterinsights_sitenote_active":false,"_monsterinsights_sitenote_note":"","_monsterinsights_sitenote_category":0,"site-sidebar-layout":"no-sidebar","site-content-layout":"page-builder","ast-site-content-layout":"default","site-content-style":"default","site-sidebar-style":"default","ast-global-header-display":"","ast-banner-title-visibility":"","ast-main-header-display":"","ast-hfb-above-header-display":"","ast-hfb-below-header-display":"","ast-hfb-mobile-header-display":"","site-post-title":"disabled","ast-breadcrumbs-content":"","ast-featured-img":"disabled","footer-sml-layout":"","ast-disable-related-posts":"","theme-transparent-header-meta":"default","adv-header-id-meta":"","stick-header-meta":"","header-above-stick-meta":"","header-main-stick-meta":"","header-below-stick-meta":"","astra-migrate-meta-layouts":"default","ast-page-background-enabled":"default","ast-page-background-meta":{"desktop":{"background-color":"","background-image":"","background-repeat":"repeat","background-position":"center center","background-size":"auto","background-attachment":"scroll","background-type":"","background-media":"","overlay-type":"","overlay-color":"","overlay-opacity":"","overlay-gradient":""},"tablet":{"background-color":"","background-image":"","background-repeat":"repeat","background-position":"center center","background-size":"auto","background-attachment":"scroll","background-type":"","background-media":"","overlay-type":"","overlay-color":"","overlay-opacity":"","overlay-gradient":""},"mobile":{"background-color":"","background-image":"","background-repeat":"repeat","background-position":"center center","background-size":"auto","background-attachment":"scroll","background-type":"","background-media":"","overlay-type":"","overlay-color":"","overlay-opacity":"","overlay-gradient":""}},"ast-content-background-meta":{"desktop":{"background-color":"var(--ast-global-color-5)","background-image":"","background-repeat":"repeat","background-position":"center center","background-size":"auto","background-attachment":"scroll","background-type":"","background-media":"","overlay-type":"","overlay-color":"","overlay-opacity":"","overlay-gradient":""},"tablet":{"background-color":"var(--ast-global-color-5)","background-image":"","background-repeat":"repeat","background-position":"center center","background-size":"auto","background-attachment":"scroll","background-type":"","background-media":"","overlay-type":"","overlay-color":"","overlay-opacity":"","overlay-gradient":""},"mobile":{"background-color":"var(--ast-global-color-5)","background-image":"","background-repeat":"repeat","background-position":"center center","background-size":"auto","background-attachment":"scroll","background-type":"","background-media":"","overlay-type":"","overlay-color":"","overlay-opacity":"","overlay-gradient":""}},"footnotes":""},"class_list":["post-152","page","type-page","status-publish","hentry"],"_links":{"self":[{"href":"https:\/\/gourmet4pattes.com\/en\/wp-json\/wp\/v2\/pages\/152","targetHints":{"allow":["GET"]}}],"collection":[{"href":"https:\/\/gourmet4pattes.com\/en\/wp-json\/wp\/v2\/pages"}],"about":[{"href":"https:\/\/gourmet4pattes.com\/en\/wp-json\/wp\/v2\/types\/page"}],"author":[{"embeddable":true,"href":"https:\/\/gourmet4pattes.com\/en\/wp-json\/wp\/v2\/users\/1"}],"replies":[{"embeddable":true,"href":"https:\/\/gourmet4pattes.com\/en\/wp-json\/wp\/v2\/comments?post=152"}],"version-history":[{"count":0,"href":"https:\/\/gourmet4pattes.com\/en\/wp-json\/wp\/v2\/pages\/152\/revisions"}],"wp:attachment":[{"href":"https:\/\/gourmet4pattes.com\/en\/wp-json\/wp\/v2\/media?parent=152"}],"curies":[{"name":"wp","href":"https:\/\/api.w.org\/{rel}","templated":true}]}}