{"id":99,"date":"2020-08-21T14:19:20","date_gmt":"2020-08-21T14:19:20","guid":{"rendered":"http:\/\/box5352.temp.domains\/~captusp8\/gourmet4pattes\/?page_id=99"},"modified":"2021-02-23T17:40:14","modified_gmt":"2021-02-23T17:40:14","slug":"a-propos","status":"publish","type":"page","link":"http:\/\/gourmet4pattes.com\/en\/a-propos\/","title":{"rendered":"A Propos"},"content":{"rendered":"<div data-elementor-type=\"wp-page\" data-elementor-id=\"99\" class=\"elementor elementor-99\" data-elementor-post-type=\"page\">\n\t\t\t\t\t\t<section class=\"elementor-section elementor-top-section elementor-element elementor-element-1c6da3c elementor-section-full_width elementor-section-height-default elementor-section-height-default\" data-id=\"1c6da3c\" data-element_type=\"section\" data-e-type=\"section\">\n\t\t\t\t\t\t<div class=\"elementor-container elementor-column-gap-no\">\n\t\t\t\t\t<div class=\"elementor-column elementor-col-100 elementor-top-column elementor-element elementor-element-0b82b3b\" data-id=\"0b82b3b\" data-element_type=\"column\" data-e-type=\"column\">\n\t\t\t<div class=\"elementor-widget-wrap elementor-element-populated\">\n\t\t\t\t\t\t<div class=\"elementor-element elementor-element-e766346 elementor-widget elementor-widget-image\" data-id=\"e766346\" data-element_type=\"widget\" data-e-type=\"widget\" data-widget_type=\"image.default\">\n\t\t\t\t<div class=\"elementor-widget-container\">\n\t\t\t\t\t\t\t\t\t\t\t\t\t\t\t<img fetchpriority=\"high\" decoding=\"async\" width=\"2010\" height=\"823\" src=\"https:\/\/gourmet4pattes.com\/wp-content\/uploads\/2020\/09\/notre-mission.png\" class=\"attachment-full size-full wp-image-429\" alt=\"\" srcset=\"https:\/\/gourmet4pattes.com\/wp-content\/uploads\/2020\/09\/notre-mission.png 2010w, https:\/\/gourmet4pattes.com\/wp-content\/uploads\/2020\/09\/notre-mission-768x314.png 768w\" sizes=\"(max-width: 2010px) 100vw, 2010px\" \/>\t\t\t\t\t\t\t\t\t\t\t\t\t\t\t<\/div>\n\t\t\t\t<\/div>\n\t\t\t\t\t<\/div>\n\t\t<\/div>\n\t\t\t\t\t<\/div>\n\t\t<\/section>\n\t\t\t\t<section class=\"elementor-section elementor-top-section elementor-element elementor-element-c85dfc8 elementor-section-boxed elementor-section-height-default elementor-section-height-default\" data-id=\"c85dfc8\" data-element_type=\"section\" data-e-type=\"section\">\n\t\t\t\t\t\t<div class=\"elementor-container elementor-column-gap-default\">\n\t\t\t\t\t<div class=\"elementor-column elementor-col-100 elementor-top-column elementor-element elementor-element-03d3008\" data-id=\"03d3008\" data-element_type=\"column\" data-e-type=\"column\">\n\t\t\t<div class=\"elementor-widget-wrap elementor-element-populated\">\n\t\t\t\t\t\t<div class=\"elementor-element elementor-element-77b89fa elementor-widget elementor-widget-heading\" data-id=\"77b89fa\" data-element_type=\"widget\" data-e-type=\"widget\" data-widget_type=\"heading.default\">\n\t\t\t\t<div class=\"elementor-widget-container\">\n\t\t\t\t\t<h2 class=\"elementor-heading-title elementor-size-default translation-block\">HOMEMADE MEALS FOR MAN\u2019S BEST FRIEND<\/h2>\t\t\t\t<\/div>\n\t\t\t\t<\/div>\n\t\t\t\t\t<\/div>\n\t\t<\/div>\n\t\t\t\t\t<\/div>\n\t\t<\/section>\n\t\t\t\t<section class=\"elementor-section elementor-top-section elementor-element elementor-element-a3c686e elementor-section-boxed elementor-section-height-default elementor-section-height-default\" data-id=\"a3c686e\" data-element_type=\"section\" data-e-type=\"section\">\n\t\t\t\t\t\t<div class=\"elementor-container elementor-column-gap-no\">\n\t\t\t\t\t<div class=\"elementor-column elementor-col-100 elementor-top-column elementor-element elementor-element-fc8e5e1\" data-id=\"fc8e5e1\" data-element_type=\"column\" data-e-type=\"column\">\n\t\t\t<div class=\"elementor-widget-wrap elementor-element-populated\">\n\t\t\t\t\t\t<div class=\"elementor-element elementor-element-d003a38 elementor-widget elementor-widget-text-editor\" data-id=\"d003a38\" data-element_type=\"widget\" data-e-type=\"widget\" data-widget_type=\"text-editor.default\">\n\t\t\t\t<div class=\"elementor-widget-container\">\n\t\t\t\t\t\t\t\t\t<p>Whether it\u2019s  a puppy or a 15 year old dog, G4P offers your pet a healthy meal that answers its nutritional needs with the help of balanced recipes made with fresh ingredients and no preservatives<\/p><p class=\"font_9\" style=\"margin-bottom: 0px; background: transparent; font-style: normal; font-variant-numeric: normal; font-variant-east-asian: normal; font-weight: 400; font-stretch: normal; font-size: 15px; line-height: 1.875em; pointer-events: auto;\"><span class=\"color_15\" style=\"background: transparent;\"><span style=\"background: transparent; font-weight: bold;\">Our mission<\/span><\/span><\/p><p class=\"font_9\" style=\"margin-bottom: 0px; background: transparent; font-style: normal; font-variant-numeric: normal; font-variant-east-asian: normal; font-weight: 400; font-stretch: normal; font-size: 15px; line-height: 1.875em; pointer-events: auto;\"><span class=\"color_15\" style=\"background: transparent;\">To combine the delicious taste and nutrients of a natural diet so that your dog enjoys the best health\u00a0<\/span><\/p><p class=\"font_9\" style=\"margin-bottom: 0px; background: transparent; font-style: normal; font-variant-numeric: normal; font-variant-east-asian: normal; font-weight: 400; font-stretch: normal; font-size: 15px; line-height: 1.875em; pointer-events: auto;\"><span class=\"color_15\" style=\"background: transparent;\">Our long term goal is beyond raw feeding. We, as a company, aim towards constant progress  and keeping up to date with the latest discoveries and research in canine nutrition to create with our nutritionist more recipes for your dog\u2019s benefit.<br \/><br \/><\/span><\/p><p class=\"font_9\" style=\"margin-bottom: 0px; background: transparent; font-style: normal; font-variant-numeric: normal; font-variant-east-asian: normal; font-weight: 400; font-stretch: normal; font-size: 15px; line-height: 1.875em; pointer-events: auto;\"><span class=\"color_15\" style=\"background: transparent;\"><span style=\"background: transparent; font-weight: bold;\">Our story<\/span><\/span><\/p><p class=\"font_9\" style=\"margin-bottom: 0px; background: transparent; font-style: normal; font-variant-numeric: normal; font-variant-east-asian: normal; font-weight: 400; font-stretch: normal; font-size: 15px; line-height: 1.875em; pointer-events: auto;\"><span class=\"color_15\" style=\"background: transparent;\">Tout a commenc\u00e9 avec Diane et Robert. Eleveurs de chiens depuis plus de 20 ans, leur souhait le plus cher \u00e9taient d\u2019assurer une alimentation de qualit\u00e9 et faite maison \u00e0 leur propres port\u00e9es. En 2008, privil\u00e9giant un retour aux sources, ils cherchent \u00e0 d\u00e9velopper des\u202f recettes \u00e0 partir d\u2019aliments crus, servants \u00e0 am\u00e9liorer la sant\u00e9 de\u202f leurs chiens sans compromettre la qualit\u00e9 des mati\u00e8res premi\u00e8res. En collaboration avec une nutritionniste de renomm\u00e9e, ils ont mis au point une s\u00e9lection de recettes qu\u2019il ont test\u00e9s. Le r\u00e9sultat \u00e9tait impressionnant. Tout comme l\u2019\u00eatre humain, un chien nourri avec des aliments crus, frais, et pleins de nutriments, grandi en bonne sant\u00e9. En 2014 Diane et Robert on d\u00e9cid\u00e9 de se consacrer \u00e0 l\u2019\u00e9levage et G4P a \u00e9t\u00e9 repris par Georges Bassil, un entrepreneur avec une grande vision: amener cette petite entreprise n\u00e9e dans une ferme de la campagne Qu\u00e9b\u00e9coise au monde entier. Pendant 3 ans, le d\u00e9veloppement s\u2019est fait tr\u00e8s rapidement: \u00c9tablissement d\u2019une usine conforme aux r\u00e8gles MAPAQ, achat de machines et d\u2019\u00e9quipement haut de gamme, voiture de livraison, revitalisation de l\u2019identit\u00e9 et de la marque, d\u00e9ploiement des produits partout au Qu\u00e9bec,\u00a0 en Ontario et derni\u00e8rement en janvier 2020, l\u2019ouverture de la premi\u00e8re et unique boutique d&#8217;alimentation crue sur amazon.ca.\u00a0<\/span><\/p><p class=\"font_9\" style=\"margin-bottom: 0px; background: transparent; font-style: normal; font-variant-numeric: normal; font-variant-east-asian: normal; font-weight: 400; font-stretch: normal; font-size: 15px; line-height: 1.875em; pointer-events: auto;\"><span class=\"color_15\" style=\"background: transparent;\">Throughout the years, Gourmet 4 Pattes has demonstrated its commitment to quality, health, and the importance of providing the nutritional needs of every dog . Many challenges await but the DNA of G4P will never change,\u00a0<\/span><\/p><p class=\"font_9\" style=\"margin-bottom: 0px; background: transparent; font-style: normal; font-variant-numeric: normal; font-variant-east-asian: normal; font-weight: 400; font-stretch: normal; font-size: 15px; line-height: 1.875em; pointer-events: auto;\"><span class=\"color_15\" style=\"background: transparent;\">The company will remain first and foremost, \u201cHomemade food\u201d that offers the best of nature to thank man\u2019s best friend.\u00a0<\/span><\/p><p class=\"font_9\" style=\"margin-bottom: 0px; background: transparent; font-style: normal; font-variant-numeric: normal; font-variant-east-asian: normal; font-weight: 400; font-stretch: normal; font-size: 15px; line-height: 1.875em; pointer-events: auto;\">\u00a0<\/p>\t\t\t\t\t\t\t\t<\/div>\n\t\t\t\t<\/div>\n\t\t\t\t\t<\/div>\n\t\t<\/div>\n\t\t\t\t\t<\/div>\n\t\t<\/section>\n\t\t\t\t<\/div>","protected":false},"excerpt":{"rendered":"<p>UNE CUISINE FAMILIALEPOUR LE MEILLEUR AMI DE L\u2019HOMME Qu\u2019il soit un chiot \u00e2g\u00e9 de quelques semaines ou un chien adulte de 15 ans, G4P offre \u00e0 votre chien un repas sant\u00e9, r\u00e9pondant \u00e0 ses besoins nutritionnels gr\u00e2ce \u00e0 des recettes \u00e9quilibr\u00e9es pr\u00e9par\u00e9es \u00e0 partir d\u2019ingr\u00e9dients frais et sans aucun agent de transformation. Notre mission Combiner [&hellip;]<\/p>\n","protected":false},"author":1,"featured_media":0,"parent":0,"menu_order":0,"comment_status":"closed","ping_status":"closed","template":"","meta":{"nf_dc_page":"","_monsterinsights_skip_tracking":false,"_monsterinsights_sitenote_active":false,"_monsterinsights_sitenote_note":"","_monsterinsights_sitenote_category":0,"site-sidebar-layout":"no-sidebar","site-content-layout":"page-builder","ast-site-content-layout":"default","site-content-style":"default","site-sidebar-style":"default","ast-global-header-display":"","ast-banner-title-visibility":"","ast-main-header-display":"","ast-hfb-above-header-display":"","ast-hfb-below-header-display":"","ast-hfb-mobile-header-display":"","site-post-title":"disabled","ast-breadcrumbs-content":"","ast-featured-img":"disabled","footer-sml-layout":"","ast-disable-related-posts":"","theme-transparent-header-meta":"default","adv-header-id-meta":"","stick-header-meta":"default","header-above-stick-meta":"","header-main-stick-meta":"","header-below-stick-meta":"","astra-migrate-meta-layouts":"default","ast-page-background-enabled":"default","ast-page-background-meta":{"desktop":{"background-color":"","background-image":"","background-repeat":"repeat","background-position":"center center","background-size":"auto","background-attachment":"scroll","background-type":"","background-media":"","overlay-type":"","overlay-color":"","overlay-opacity":"","overlay-gradient":""},"tablet":{"background-color":"","background-image":"","background-repeat":"repeat","background-position":"center center","background-size":"auto","background-attachment":"scroll","background-type":"","background-media":"","overlay-type":"","overlay-color":"","overlay-opacity":"","overlay-gradient":""},"mobile":{"background-color":"","background-image":"","background-repeat":"repeat","background-position":"center center","background-size":"auto","background-attachment":"scroll","background-type":"","background-media":"","overlay-type":"","overlay-color":"","overlay-opacity":"","overlay-gradient":""}},"ast-content-background-meta":{"desktop":{"background-color":"var(--ast-global-color-5)","background-image":"","background-repeat":"repeat","background-position":"center center","background-size":"auto","background-attachment":"scroll","background-type":"","background-media":"","overlay-type":"","overlay-color":"","overlay-opacity":"","overlay-gradient":""},"tablet":{"background-color":"var(--ast-global-color-5)","background-image":"","background-repeat":"repeat","background-position":"center center","background-size":"auto","background-attachment":"scroll","background-type":"","background-media":"","overlay-type":"","overlay-color":"","overlay-opacity":"","overlay-gradient":""},"mobile":{"background-color":"var(--ast-global-color-5)","background-image":"","background-repeat":"repeat","background-position":"center center","background-size":"auto","background-attachment":"scroll","background-type":"","background-media":"","overlay-type":"","overlay-color":"","overlay-opacity":"","overlay-gradient":""}},"footnotes":""},"class_list":["post-99","page","type-page","status-publish","hentry"],"_links":{"self":[{"href":"http:\/\/gourmet4pattes.com\/en\/wp-json\/wp\/v2\/pages\/99","targetHints":{"allow":["GET"]}}],"collection":[{"href":"http:\/\/gourmet4pattes.com\/en\/wp-json\/wp\/v2\/pages"}],"about":[{"href":"http:\/\/gourmet4pattes.com\/en\/wp-json\/wp\/v2\/types\/page"}],"author":[{"embeddable":true,"href":"http:\/\/gourmet4pattes.com\/en\/wp-json\/wp\/v2\/users\/1"}],"replies":[{"embeddable":true,"href":"http:\/\/gourmet4pattes.com\/en\/wp-json\/wp\/v2\/comments?post=99"}],"version-history":[{"count":0,"href":"http:\/\/gourmet4pattes.com\/en\/wp-json\/wp\/v2\/pages\/99\/revisions"}],"wp:attachment":[{"href":"http:\/\/gourmet4pattes.com\/en\/wp-json\/wp\/v2\/media?parent=99"}],"curies":[{"name":"wp","href":"https:\/\/api.w.org\/{rel}","templated":true}]}}