{"id":387,"date":"2020-09-11T02:36:10","date_gmt":"2020-09-11T02:36:10","guid":{"rendered":"http:\/\/box5352.temp.domains\/~captusp8\/gourmet4pattes\/?page_id=387"},"modified":"2021-01-15T20:27:58","modified_gmt":"2021-01-15T20:27:58","slug":"cycle-de-croissance","status":"publish","type":"page","link":"http:\/\/gourmet4pattes.com\/en\/cycle-de-croissance\/","title":{"rendered":"Growth Cycle"},"content":{"rendered":"<div data-elementor-type=\"wp-page\" data-elementor-id=\"387\" class=\"elementor elementor-387\" data-elementor-post-type=\"page\">\n\t\t\t\t\t\t<section class=\"elementor-section elementor-top-section elementor-element elementor-element-7e689a1 elementor-section-full_width elementor-section-height-min-height elementor-section-height-default elementor-section-items-middle\" data-id=\"7e689a1\" data-element_type=\"section\" data-e-type=\"section\" data-settings=\"{&quot;background_background&quot;:&quot;classic&quot;}\">\n\t\t\t\t\t\t<div class=\"elementor-container elementor-column-gap-default\">\n\t\t\t\t\t<div class=\"elementor-column elementor-col-100 elementor-top-column elementor-element elementor-element-43bf87f\" data-id=\"43bf87f\" data-element_type=\"column\" data-e-type=\"column\">\n\t\t\t<div class=\"elementor-widget-wrap elementor-element-populated\">\n\t\t\t\t\t\t<div class=\"elementor-element elementor-element-e797cab elementor-widget elementor-widget-image\" data-id=\"e797cab\" data-element_type=\"widget\" data-e-type=\"widget\" data-widget_type=\"image.default\">\n\t\t\t\t<div class=\"elementor-widget-container\">\n\t\t\t\t\t\t\t\t\t\t\t\t\t\t\t<img decoding=\"async\" src=\"https:\/\/gourmet4pattes.com\/wp-content\/uploads\/elementor\/thumbs\/cycle-de-croissance-qj2z17vgfq13v2ycdf026uhrfi1axo9sr4jg6jnxcw.png\" title=\"cycle-de-croissance\" alt=\"cycle-de-croissance\" loading=\"lazy\" \/>\t\t\t\t\t\t\t\t\t\t\t\t\t\t\t<\/div>\n\t\t\t\t<\/div>\n\t\t\t\t\t<\/div>\n\t\t<\/div>\n\t\t\t\t\t<\/div>\n\t\t<\/section>\n\t\t\t\t<section class=\"elementor-section elementor-top-section elementor-element elementor-element-259ddbd elementor-section-boxed elementor-section-height-default elementor-section-height-default\" data-id=\"259ddbd\" data-element_type=\"section\" data-e-type=\"section\">\n\t\t\t\t\t\t<div class=\"elementor-container elementor-column-gap-default\">\n\t\t\t\t\t<div class=\"elementor-column elementor-col-100 elementor-top-column elementor-element elementor-element-fb04b90\" data-id=\"fb04b90\" data-element_type=\"column\" data-e-type=\"column\">\n\t\t\t<div class=\"elementor-widget-wrap elementor-element-populated\">\n\t\t\t\t\t\t<div class=\"elementor-element elementor-element-3296e95 elementor-widget elementor-widget-heading\" data-id=\"3296e95\" data-element_type=\"widget\" data-e-type=\"widget\" data-widget_type=\"heading.default\">\n\t\t\t\t<div class=\"elementor-widget-container\">\n\t\t\t\t\t<h2 class=\"elementor-heading-title elementor-size-default\">THE STAGES OF PUPPY GROWTH\n<\/h2>\t\t\t\t<\/div>\n\t\t\t\t<\/div>\n\t\t\t\t\t<\/div>\n\t\t<\/div>\n\t\t\t\t\t<\/div>\n\t\t<\/section>\n\t\t\t\t<section class=\"elementor-section elementor-top-section elementor-element elementor-element-6e7ab14 elementor-section-boxed elementor-section-height-default elementor-section-height-default\" data-id=\"6e7ab14\" data-element_type=\"section\" data-e-type=\"section\">\n\t\t\t\t\t\t<div class=\"elementor-container elementor-column-gap-default\">\n\t\t\t\t\t<div class=\"elementor-column elementor-col-100 elementor-top-column elementor-element elementor-element-25d9601\" data-id=\"25d9601\" data-element_type=\"column\" data-e-type=\"column\">\n\t\t\t<div class=\"elementor-widget-wrap elementor-element-populated\">\n\t\t\t\t\t\t<div class=\"elementor-element elementor-element-eca9652 elementor-widget elementor-widget-text-editor\" data-id=\"eca9652\" data-element_type=\"widget\" data-e-type=\"widget\" data-widget_type=\"text-editor.default\">\n\t\t\t\t<div class=\"elementor-widget-container\">\n\t\t\t\t\t\t\t\t\t<p><b>THE STAGES OF PUPPY GROWTH<\/b><\/p>\n<p><\/p>\n<p><span style=\"font-weight: 400;\">A dog\u2019s growth cycle is unique, although it's applicable to all races. A puppy will go through different phases before reaching adulthood.<\/span><\/p>\n<p><span style=\"font-weight: 400;\">Gourmet 4 Pattes accompanies your pet with recipes according to his needs and age.<\/span><\/p>\n<p><\/p>\n<p><b>Stage 1: Neonatal- Age: 0 to 3 weeks<\/b><\/p>\n<p><span style=\"font-weight: 400;\">The puppy will naturally suckle its mother and thus benefits from the colostrum.<\/span><\/p>\n<p><span style=\"font-weight: 400;\">At first he is quite weak and keeps his eyes closed. Gradually he begins to open his eyes and interact with his mother and brothers.<\/span><\/p>\n<p><\/p>\n<p><b>Stage 2: Socializing- Age 3 to 12 weeks<\/b><\/p>\n<p><span style=\"font-weight: 400;\">The puppy learns to behave with dogs and to express himself. Little by little, he gets closer to humans by meeting the dog breeder, the vet, children, etc.<\/span><\/p>\n<p><span style=\"font-weight: 400;\">Weaning of the puppy ends between the 5th and the 8th week. He switches to solid food.<\/span><\/p>\n<p><\/p>\n<p><b>Stage 3: Youth of the puppy- Age 8 to 16 weeks<\/b><\/p>\n<p><span style=\"font-weight: 400;\">After the socialization period, he begins to gain confidence and test the authority of his master, especially through the bite.<\/span><\/p>\n<p><\/p>\n<p><b>Stage 4: Puppy Puberty- Age 16 to 24 weeks<\/b><\/p>\n<p><span style=\"font-weight: 400;\">Puppy puberty is reached between 4 and 6 months. It is during this time that he begins to emit sex hormones. His body is growing and his teeth are growing, which can be a bit painful.<\/span><\/p>\n<p><\/p>\n<p><b>Stage 5: adulthood (according to race) 24 weeks and above<\/b><\/p>\n<p><span style=\"font-weight: 400;\">After 6 months the puppy becomes a young adult. During this period it will have reached its peak of growth and for some breeds, reached its final size.<\/span><\/p>\n<p><\/p>\n<p><span style=\"font-weight: 400;\">Our breeders strongly recommend our adapted formulas from the 8th week in order to maintain a continuity in the diet but also to help the dog in his growth (musculature, vision, coat, bone development, teething)<\/span><\/p>\t\t\t\t\t\t\t\t<\/div>\n\t\t\t\t<\/div>\n\t\t\t\t\t<\/div>\n\t\t<\/div>\n\t\t\t\t\t<\/div>\n\t\t<\/section>\n\t\t\t\t<\/div>","protected":false},"excerpt":{"rendered":"<p>Les phases de croissance d\u2019un chiot Les phases de croissance d\u2019un chiot Le chien poss\u00e8de un cycle de croissance bien \u00e0 lui,mais commun \u00e0 toutes les races. Un chiot passera par plusieurs \u00e9tapes jusqu\u2019\u00e0 arriver \u00e0 l\u2019\u00e2ge adulte. Gourmet 4 Pattes vous accompagne avec des recettes selon ses besoins et son \u00e2ge. Phase 1: Naissance [&hellip;]<\/p>\n","protected":false},"author":1,"featured_media":0,"parent":0,"menu_order":0,"comment_status":"closed","ping_status":"closed","template":"","meta":{"nf_dc_page":"","_monsterinsights_skip_tracking":false,"_monsterinsights_sitenote_active":false,"_monsterinsights_sitenote_note":"","_monsterinsights_sitenote_category":0,"site-sidebar-layout":"no-sidebar","site-content-layout":"page-builder","ast-site-content-layout":"default","site-content-style":"default","site-sidebar-style":"default","ast-global-header-display":"","ast-banner-title-visibility":"","ast-main-header-display":"","ast-hfb-above-header-display":"","ast-hfb-below-header-display":"","ast-hfb-mobile-header-display":"","site-post-title":"disabled","ast-breadcrumbs-content":"","ast-featured-img":"disabled","footer-sml-layout":"","ast-disable-related-posts":"","theme-transparent-header-meta":"default","adv-header-id-meta":"","stick-header-meta":"default","header-above-stick-meta":"","header-main-stick-meta":"","header-below-stick-meta":"","astra-migrate-meta-layouts":"default","ast-page-background-enabled":"default","ast-page-background-meta":{"desktop":{"background-color":"","background-image":"","background-repeat":"repeat","background-position":"center center","background-size":"auto","background-attachment":"scroll","background-type":"","background-media":"","overlay-type":"","overlay-color":"","overlay-opacity":"","overlay-gradient":""},"tablet":{"background-color":"","background-image":"","background-repeat":"repeat","background-position":"center center","background-size":"auto","background-attachment":"scroll","background-type":"","background-media":"","overlay-type":"","overlay-color":"","overlay-opacity":"","overlay-gradient":""},"mobile":{"background-color":"","background-image":"","background-repeat":"repeat","background-position":"center center","background-size":"auto","background-attachment":"scroll","background-type":"","background-media":"","overlay-type":"","overlay-color":"","overlay-opacity":"","overlay-gradient":""}},"ast-content-background-meta":{"desktop":{"background-color":"var(--ast-global-color-5)","background-image":"","background-repeat":"repeat","background-position":"center center","background-size":"auto","background-attachment":"scroll","background-type":"","background-media":"","overlay-type":"","overlay-color":"","overlay-opacity":"","overlay-gradient":""},"tablet":{"background-color":"var(--ast-global-color-5)","background-image":"","background-repeat":"repeat","background-position":"center center","background-size":"auto","background-attachment":"scroll","background-type":"","background-media":"","overlay-type":"","overlay-color":"","overlay-opacity":"","overlay-gradient":""},"mobile":{"background-color":"var(--ast-global-color-5)","background-image":"","background-repeat":"repeat","background-position":"center center","background-size":"auto","background-attachment":"scroll","background-type":"","background-media":"","overlay-type":"","overlay-color":"","overlay-opacity":"","overlay-gradient":""}},"footnotes":""},"class_list":["post-387","page","type-page","status-publish","hentry"],"_links":{"self":[{"href":"http:\/\/gourmet4pattes.com\/en\/wp-json\/wp\/v2\/pages\/387","targetHints":{"allow":["GET"]}}],"collection":[{"href":"http:\/\/gourmet4pattes.com\/en\/wp-json\/wp\/v2\/pages"}],"about":[{"href":"http:\/\/gourmet4pattes.com\/en\/wp-json\/wp\/v2\/types\/page"}],"author":[{"embeddable":true,"href":"http:\/\/gourmet4pattes.com\/en\/wp-json\/wp\/v2\/users\/1"}],"replies":[{"embeddable":true,"href":"http:\/\/gourmet4pattes.com\/en\/wp-json\/wp\/v2\/comments?post=387"}],"version-history":[{"count":0,"href":"http:\/\/gourmet4pattes.com\/en\/wp-json\/wp\/v2\/pages\/387\/revisions"}],"wp:attachment":[{"href":"http:\/\/gourmet4pattes.com\/en\/wp-json\/wp\/v2\/media?parent=387"}],"curies":[{"name":"wp","href":"https:\/\/api.w.org\/{rel}","templated":true}]}}