{"id":359,"date":"2020-09-10T20:06:05","date_gmt":"2020-09-10T20:06:05","guid":{"rendered":"http:\/\/box5352.temp.domains\/~captusp8\/gourmet4pattes\/?page_id=359"},"modified":"2021-01-21T16:00:37","modified_gmt":"2021-01-21T16:00:37","slug":"notre-histoire","status":"publish","type":"page","link":"http:\/\/gourmet4pattes.com\/en\/notre-histoire\/","title":{"rendered":"Our Story"},"content":{"rendered":"<div data-elementor-type=\"wp-page\" data-elementor-id=\"359\" class=\"elementor elementor-359\" data-elementor-post-type=\"page\">\n\t\t\t\t\t\t<section class=\"elementor-section elementor-top-section elementor-element elementor-element-94e47ad elementor-section-full_width elementor-section-height-full elementor-section-content-top elementor-hidden-desktop elementor-hidden-tablet elementor-section-height-default elementor-section-items-middle\" data-id=\"94e47ad\" data-element_type=\"section\" data-e-type=\"section\" data-settings=\"{&quot;background_background&quot;:&quot;classic&quot;}\">\n\t\t\t\t\t\t<div class=\"elementor-container elementor-column-gap-no\">\n\t\t\t\t\t<div class=\"elementor-column elementor-col-100 elementor-top-column elementor-element elementor-element-e2bac25\" data-id=\"e2bac25\" data-element_type=\"column\" data-e-type=\"column\">\n\t\t\t<div class=\"elementor-widget-wrap elementor-element-populated\">\n\t\t\t\t\t\t<div class=\"elementor-element elementor-element-9ff5a9a elementor-widget elementor-widget-image\" data-id=\"9ff5a9a\" data-element_type=\"widget\" data-e-type=\"widget\" data-widget_type=\"image.default\">\n\t\t\t\t<div class=\"elementor-widget-container\">\n\t\t\t\t\t\t\t\t\t\t\t\t\t\t\t<img fetchpriority=\"high\" decoding=\"async\" width=\"640\" height=\"427\" src=\"https:\/\/gourmet4pattes.com\/wp-content\/uploads\/2020\/09\/IMG_4559.jpeg\" class=\"attachment-full size-full wp-image-467\" alt=\"\" srcset=\"https:\/\/gourmet4pattes.com\/wp-content\/uploads\/2020\/09\/IMG_4559.jpeg 640w, https:\/\/gourmet4pattes.com\/wp-content\/uploads\/2020\/09\/IMG_4559-768x512.jpeg 768w\" sizes=\"(max-width: 640px) 100vw, 640px\" \/>\t\t\t\t\t\t\t\t\t\t\t\t\t\t\t<\/div>\n\t\t\t\t<\/div>\n\t\t\t\t\t<\/div>\n\t\t<\/div>\n\t\t\t\t\t<\/div>\n\t\t<\/section>\n\t\t\t\t<section class=\"elementor-section elementor-top-section elementor-element elementor-element-f23c5d3 elementor-section-full_width elementor-section-content-top elementor-section-height-default elementor-section-height-default\" data-id=\"f23c5d3\" data-element_type=\"section\" data-e-type=\"section\" data-settings=\"{&quot;background_background&quot;:&quot;classic&quot;}\">\n\t\t\t\t\t\t<div class=\"elementor-container elementor-column-gap-no\">\n\t\t\t\t\t<div class=\"elementor-column elementor-col-100 elementor-top-column elementor-element elementor-element-80abb03\" data-id=\"80abb03\" data-element_type=\"column\" data-e-type=\"column\">\n\t\t\t<div class=\"elementor-widget-wrap elementor-element-populated\">\n\t\t\t\t\t\t<div class=\"elementor-element elementor-element-f62407e elementor-hidden-phone elementor-widget elementor-widget-image\" data-id=\"f62407e\" data-element_type=\"widget\" data-e-type=\"widget\" data-widget_type=\"image.default\">\n\t\t\t\t<div class=\"elementor-widget-container\">\n\t\t\t\t\t\t\t\t\t\t\t\t\t\t\t<img fetchpriority=\"high\" decoding=\"async\" width=\"640\" height=\"427\" src=\"https:\/\/gourmet4pattes.com\/wp-content\/uploads\/2020\/09\/IMG_4559.jpeg\" class=\"attachment-full size-full wp-image-467\" alt=\"\" srcset=\"https:\/\/gourmet4pattes.com\/wp-content\/uploads\/2020\/09\/IMG_4559.jpeg 640w, https:\/\/gourmet4pattes.com\/wp-content\/uploads\/2020\/09\/IMG_4559-768x512.jpeg 768w\" sizes=\"(max-width: 640px) 100vw, 640px\" \/>\t\t\t\t\t\t\t\t\t\t\t\t\t\t\t<\/div>\n\t\t\t\t<\/div>\n\t\t\t\t\t<\/div>\n\t\t<\/div>\n\t\t\t\t\t<\/div>\n\t\t<\/section>\n\t\t\t\t<section class=\"elementor-section elementor-top-section elementor-element elementor-element-03293be elementor-section-full_width elementor-section-height-default elementor-section-height-default\" data-id=\"03293be\" data-element_type=\"section\" data-e-type=\"section\">\n\t\t\t\t\t\t<div class=\"elementor-container elementor-column-gap-no\">\n\t\t\t\t\t<div class=\"elementor-column elementor-col-100 elementor-top-column elementor-element elementor-element-00b438a\" data-id=\"00b438a\" data-element_type=\"column\" data-e-type=\"column\">\n\t\t\t<div class=\"elementor-widget-wrap elementor-element-populated\">\n\t\t\t\t\t\t<div class=\"elementor-element elementor-element-844c073 elementor-widget elementor-widget-heading\" data-id=\"844c073\" data-element_type=\"widget\" data-e-type=\"widget\" data-widget_type=\"heading.default\">\n\t\t\t\t<div class=\"elementor-widget-container\">\n\t\t\t\t\t<h2 class=\"elementor-heading-title elementor-size-default\">OUR STORY<\/h2>\t\t\t\t<\/div>\n\t\t\t\t<\/div>\n\t\t\t\t\t<\/div>\n\t\t<\/div>\n\t\t\t\t\t<\/div>\n\t\t<\/section>\n\t\t\t\t<section class=\"elementor-section elementor-top-section elementor-element elementor-element-4403bf9 elementor-section-full_width elementor-section-height-default elementor-section-height-default\" data-id=\"4403bf9\" data-element_type=\"section\" data-e-type=\"section\">\n\t\t\t\t\t\t<div class=\"elementor-container elementor-column-gap-no\">\n\t\t\t\t\t<div class=\"elementor-column elementor-col-100 elementor-top-column elementor-element elementor-element-e04904e\" data-id=\"e04904e\" data-element_type=\"column\" data-e-type=\"column\">\n\t\t\t<div class=\"elementor-widget-wrap elementor-element-populated\">\n\t\t\t\t\t\t<div class=\"elementor-element elementor-element-6b2c2b2 elementor-widget elementor-widget-text-editor\" data-id=\"6b2c2b2\" data-element_type=\"widget\" data-e-type=\"widget\" data-widget_type=\"text-editor.default\">\n\t\t\t\t<div class=\"elementor-widget-container\">\n\t\t\t\t\t\t\t\t\t<p>It all began with Diane and Robert. Dog breeders for over 20 years, their most precious wish was to make sure that they provide quality homemade food to their own litters.&nbsp;<\/p><p>In 2008, they decided to go back to basics and tried developing their own recipes with raw food with the aim of improving the health of their dogs  without compromising on the quality of ingredients.\n\nIn collaboration with a renowned  dog nutritionist, they developed a selection of recipes and tested them. The result was impressive. Just like human beings, a dog fed with raw food, fresh and full of nutrients, grows in good health.&nbsp;<\/p><p>In 2014, Diane and Robert decided to focus on breeding and G4P was taken over by Georges Bassil, an entrepreneur with a great vision: To take this small company born in the Quebec countryside to the entire world.&nbsp;<\/p><p>Pendant 3 ans, le d\u00e9veloppement s\u2019est fait tr\u00e8s rapidement: \u00c9tablissement d\u2019une usine conforme aux r\u00e8gles MAPAQ, achat de machines et d\u2019\u00e9quipement haut de gamme, voiture de livraison, revitalisation de l\u2019identit\u00e9 et de la marque, d\u00e9ploiement des produits partout au Qu\u00e9bec,  en Ontario et derni\u00e8rement en janvier 2020, l\u2019ouverture de la premi\u00e8re et unique boutique d&#8217;alimentation crue sur amazon.ca.<\/p><p>Throughout the years, Gourmet 4 Pattes has demonstrated its commitment to quality, health, and the importance of providing the nutritional needs of every dog . Many challenges await but the DNA of G4P will never change, <\/p>\n<p>The company will remain first and foremost, \u201cHomemade food\u201d that offers the best of nature to thank man\u2019s best friend. <\/p>\t\t\t\t\t\t\t\t<\/div>\n\t\t\t\t<\/div>\n\t\t\t\t\t<\/div>\n\t\t<\/div>\n\t\t\t\t\t<\/div>\n\t\t<\/section>\n\t\t\t\t<\/div>","protected":false},"excerpt":{"rendered":"<p>NOTRE HISTOIRE Tout a commenc\u00e9 avec Diane et Robert. \u00c9leveurs de chiens depuis plus de 20 ans, leur souhait le plus cher \u00e9taient d\u2019assurer une alimentation de qualit\u00e9 et faite maison \u00e0 leur propres port\u00e9es.&nbsp; En 2008, privil\u00e9giant un retour aux sources, ils cherchent \u00e0 d\u00e9velopper des\u202f recettes \u00e0 partir d\u2019aliments crus, servants \u00e0 am\u00e9liorer [&hellip;]<\/p>\n","protected":false},"author":1,"featured_media":0,"parent":0,"menu_order":0,"comment_status":"closed","ping_status":"closed","template":"","meta":{"nf_dc_page":"","_monsterinsights_skip_tracking":false,"_monsterinsights_sitenote_active":false,"_monsterinsights_sitenote_note":"","_monsterinsights_sitenote_category":0,"site-sidebar-layout":"no-sidebar","site-content-layout":"page-builder","ast-site-content-layout":"default","site-content-style":"default","site-sidebar-style":"default","ast-global-header-display":"","ast-banner-title-visibility":"","ast-main-header-display":"","ast-hfb-above-header-display":"","ast-hfb-below-header-display":"","ast-hfb-mobile-header-display":"","site-post-title":"disabled","ast-breadcrumbs-content":"","ast-featured-img":"disabled","footer-sml-layout":"","ast-disable-related-posts":"","theme-transparent-header-meta":"default","adv-header-id-meta":"","stick-header-meta":"default","header-above-stick-meta":"","header-main-stick-meta":"","header-below-stick-meta":"","astra-migrate-meta-layouts":"default","ast-page-background-enabled":"default","ast-page-background-meta":{"desktop":{"background-color":"","background-image":"","background-repeat":"repeat","background-position":"center center","background-size":"auto","background-attachment":"scroll","background-type":"","background-media":"","overlay-type":"","overlay-color":"","overlay-opacity":"","overlay-gradient":""},"tablet":{"background-color":"","background-image":"","background-repeat":"repeat","background-position":"center center","background-size":"auto","background-attachment":"scroll","background-type":"","background-media":"","overlay-type":"","overlay-color":"","overlay-opacity":"","overlay-gradient":""},"mobile":{"background-color":"","background-image":"","background-repeat":"repeat","background-position":"center center","background-size":"auto","background-attachment":"scroll","background-type":"","background-media":"","overlay-type":"","overlay-color":"","overlay-opacity":"","overlay-gradient":""}},"ast-content-background-meta":{"desktop":{"background-color":"var(--ast-global-color-5)","background-image":"","background-repeat":"repeat","background-position":"center center","background-size":"auto","background-attachment":"scroll","background-type":"","background-media":"","overlay-type":"","overlay-color":"","overlay-opacity":"","overlay-gradient":""},"tablet":{"background-color":"var(--ast-global-color-5)","background-image":"","background-repeat":"repeat","background-position":"center center","background-size":"auto","background-attachment":"scroll","background-type":"","background-media":"","overlay-type":"","overlay-color":"","overlay-opacity":"","overlay-gradient":""},"mobile":{"background-color":"var(--ast-global-color-5)","background-image":"","background-repeat":"repeat","background-position":"center center","background-size":"auto","background-attachment":"scroll","background-type":"","background-media":"","overlay-type":"","overlay-color":"","overlay-opacity":"","overlay-gradient":""}},"footnotes":""},"class_list":["post-359","page","type-page","status-publish","hentry"],"_links":{"self":[{"href":"http:\/\/gourmet4pattes.com\/en\/wp-json\/wp\/v2\/pages\/359","targetHints":{"allow":["GET"]}}],"collection":[{"href":"http:\/\/gourmet4pattes.com\/en\/wp-json\/wp\/v2\/pages"}],"about":[{"href":"http:\/\/gourmet4pattes.com\/en\/wp-json\/wp\/v2\/types\/page"}],"author":[{"embeddable":true,"href":"http:\/\/gourmet4pattes.com\/en\/wp-json\/wp\/v2\/users\/1"}],"replies":[{"embeddable":true,"href":"http:\/\/gourmet4pattes.com\/en\/wp-json\/wp\/v2\/comments?post=359"}],"version-history":[{"count":0,"href":"http:\/\/gourmet4pattes.com\/en\/wp-json\/wp\/v2\/pages\/359\/revisions"}],"wp:attachment":[{"href":"http:\/\/gourmet4pattes.com\/en\/wp-json\/wp\/v2\/media?parent=359"}],"curies":[{"name":"wp","href":"https:\/\/api.w.org\/{rel}","templated":true}]}}