{"id":341,"date":"2020-09-10T19:39:27","date_gmt":"2020-09-10T19:39:27","guid":{"rendered":"http:\/\/box5352.temp.domains\/~captusp8\/gourmet4pattes\/?page_id=341"},"modified":"2021-01-15T17:52:21","modified_gmt":"2021-01-15T17:52:21","slug":"processus-g4p","status":"publish","type":"page","link":"http:\/\/gourmet4pattes.com\/en\/processus-g4p\/","title":{"rendered":"Processus G4P"},"content":{"rendered":"<div data-elementor-type=\"wp-page\" data-elementor-id=\"341\" class=\"elementor elementor-341\" data-elementor-post-type=\"page\">\n\t\t\t\t\t\t<section class=\"elementor-section elementor-top-section elementor-element elementor-element-4d09b4e elementor-section-full_width elementor-section-height-default elementor-section-height-default\" data-id=\"4d09b4e\" data-element_type=\"section\" data-e-type=\"section\" data-settings=\"{&quot;background_background&quot;:&quot;classic&quot;}\">\n\t\t\t\t\t\t<div class=\"elementor-container elementor-column-gap-no\">\n\t\t\t\t\t<div class=\"elementor-column elementor-col-100 elementor-top-column elementor-element elementor-element-e7709d4\" data-id=\"e7709d4\" data-element_type=\"column\" data-e-type=\"column\">\n\t\t\t<div class=\"elementor-widget-wrap elementor-element-populated\">\n\t\t\t\t\t\t<div class=\"elementor-element elementor-element-8622bc7 elementor-widget elementor-widget-image\" data-id=\"8622bc7\" data-element_type=\"widget\" data-e-type=\"widget\" data-widget_type=\"image.default\">\n\t\t\t\t<div class=\"elementor-widget-container\">\n\t\t\t\t\t\t\t\t\t\t\t\t\t\t\t<img fetchpriority=\"high\" decoding=\"async\" width=\"1800\" height=\"737\" src=\"https:\/\/gourmet4pattes.com\/wp-content\/uploads\/2021\/01\/pkoi-gourmet.png\" class=\"attachment-full size-full wp-image-1124\" alt=\"\" srcset=\"https:\/\/gourmet4pattes.com\/wp-content\/uploads\/2021\/01\/pkoi-gourmet.png 1800w, https:\/\/gourmet4pattes.com\/wp-content\/uploads\/2021\/01\/pkoi-gourmet-300x123.png 300w, https:\/\/gourmet4pattes.com\/wp-content\/uploads\/2021\/01\/pkoi-gourmet-1024x419.png 1024w, https:\/\/gourmet4pattes.com\/wp-content\/uploads\/2021\/01\/pkoi-gourmet-768x314.png 768w, https:\/\/gourmet4pattes.com\/wp-content\/uploads\/2021\/01\/pkoi-gourmet-1536x629.png 1536w, https:\/\/gourmet4pattes.com\/wp-content\/uploads\/2021\/01\/pkoi-gourmet-16x7.png 16w\" sizes=\"(max-width: 1800px) 100vw, 1800px\" \/>\t\t\t\t\t\t\t\t\t\t\t\t\t\t\t<\/div>\n\t\t\t\t<\/div>\n\t\t\t\t\t<\/div>\n\t\t<\/div>\n\t\t\t\t\t<\/div>\n\t\t<\/section>\n\t\t\t\t<section class=\"elementor-section elementor-top-section elementor-element elementor-element-679e2c6 elementor-section-boxed elementor-section-height-default elementor-section-height-default\" data-id=\"679e2c6\" data-element_type=\"section\" data-e-type=\"section\">\n\t\t\t\t\t\t<div class=\"elementor-container elementor-column-gap-default\">\n\t\t\t\t\t<div class=\"elementor-column elementor-col-100 elementor-top-column elementor-element elementor-element-57ecba2\" data-id=\"57ecba2\" data-element_type=\"column\" data-e-type=\"column\">\n\t\t\t<div class=\"elementor-widget-wrap elementor-element-populated\">\n\t\t\t\t\t\t<div class=\"elementor-element elementor-element-ec6d9db elementor-widget elementor-widget-heading\" data-id=\"ec6d9db\" data-element_type=\"widget\" data-e-type=\"widget\" data-widget_type=\"heading.default\">\n\t\t\t\t<div class=\"elementor-widget-container\">\n\t\t\t\t\t<h2 class=\"elementor-heading-title elementor-size-default\">THE GOURMET 4 PATTES PROCESS<\/h2>\t\t\t\t<\/div>\n\t\t\t\t<\/div>\n\t\t\t\t\t<\/div>\n\t\t<\/div>\n\t\t\t\t\t<\/div>\n\t\t<\/section>\n\t\t\t\t<section class=\"elementor-section elementor-top-section elementor-element elementor-element-36d879e elementor-section-boxed elementor-section-height-default elementor-section-height-default\" data-id=\"36d879e\" data-element_type=\"section\" data-e-type=\"section\">\n\t\t\t\t\t\t<div class=\"elementor-container elementor-column-gap-default\">\n\t\t\t\t\t<div class=\"elementor-column elementor-col-100 elementor-top-column elementor-element elementor-element-decbdc5\" data-id=\"decbdc5\" data-element_type=\"column\" data-e-type=\"column\">\n\t\t\t<div class=\"elementor-widget-wrap elementor-element-populated\">\n\t\t\t\t\t\t<div class=\"elementor-element elementor-element-a530949 elementor-widget elementor-widget-text-editor\" data-id=\"a530949\" data-element_type=\"widget\" data-e-type=\"widget\" data-widget_type=\"text-editor.default\">\n\t\t\t\t<div class=\"elementor-widget-container\">\n\t\t\t\t\t\t\t\t\t<h2 style=\"font-size: 16px; font-style: normal; font-weight: 400; color: #000000;\"><span style=\"font-size: 16px; font-weight: bold;\">The ingredients<\/span><br><\/h2><p style=\"font-size: 16px; font-style: normal; font-weight: 400; color: #000000;\">The purchasing of ingredients is done directly from the farm or market. There is a scheduled weekly delivery directly to our factory.<br>The dry ingredients are classified and stored in a place at room temperature.<br>Fresh produce, such as eggs, vegetables and fruits are stored in a refrigerator.<br>Frozen produce, such as chicken, beef, horse meat, and turkey, are kept in the freezer.<\/p>\n<p style=\"font-size: 16px; font-style: normal; font-weight: 400; color: #000000;\"><span style=\"font-weight: bold;\">Our factory<br><\/span>Situated in Delson, it is up to the MAPAQ Standards.<br>Once delivered, the products are directly stored<\/p>\n<p style=\"font-size: 16px; font-style: normal; font-weight: 400; color: #000000;\">Once delivered, the products are directly stored<br>Fresh produce, such as eggs, vegetables and fruits are stored in a refrigerator.<br>Frozen produce, such as chicken, beef, horse meat, and turkey, are kept in the freezer.<\/p>\n<p style=\"font-size: 16px; font-style: normal; font-weight: 400; color: #000000;\">During the preparation of the recipes, the frozen food is thawed halfway.<br>Each food is weighed.<br>Then they go through a grinder.<\/p>\n<p style=\"font-size: 16px; font-style: normal; font-weight: 400; color: #000000;\">After that, the recipe mixes are made.<br>The preparations are then molded into p\u00e2t\u00e9s, weighed, packaged and frozen<\/p>\n<p style=\"font-size: 16px; font-style: normal; font-weight: 400; color: #000000;\"><span style=\"font-weight: bold;\">Delivery<\/span><\/p>\n<p style=\"font-size: 16px; font-style: normal; font-weight: 400; color: #000000;\">We make daily deliveries for direct customers and weekly for retailers. The transport is done in our small mobile freezer.<\/p>\t\t\t\t\t\t\t\t<\/div>\n\t\t\t\t<\/div>\n\t\t\t\t\t<\/div>\n\t\t<\/div>\n\t\t\t\t\t<\/div>\n\t\t<\/section>\n\t\t\t\t<\/div>","protected":false},"excerpt":{"rendered":"<p>LE PROCESSUS DE GOURMET Les produits L\u2019achat se fait directement chez le cultivateurs ou dans les march\u00e9s. Une livraison hebdomadaire des produits se fait directement \u00e0 notre usine.Les produits secs sont class\u00e9s et stock\u00e9s dans un lieu \u00e0 temp\u00e9rature ambiante.Les produits frais, tel oeufs, les l\u00e9gumes, et fruits, sont r\u00e9frig\u00e9r\u00e9sLes produits congel\u00e9 comme le poulet, [&hellip;]<\/p>\n","protected":false},"author":1,"featured_media":0,"parent":0,"menu_order":0,"comment_status":"closed","ping_status":"closed","template":"","meta":{"nf_dc_page":"","_monsterinsights_skip_tracking":false,"_monsterinsights_sitenote_active":false,"_monsterinsights_sitenote_note":"","_monsterinsights_sitenote_category":0,"site-sidebar-layout":"no-sidebar","site-content-layout":"page-builder","ast-site-content-layout":"default","site-content-style":"default","site-sidebar-style":"default","ast-global-header-display":"","ast-banner-title-visibility":"","ast-main-header-display":"","ast-hfb-above-header-display":"","ast-hfb-below-header-display":"","ast-hfb-mobile-header-display":"","site-post-title":"disabled","ast-breadcrumbs-content":"","ast-featured-img":"disabled","footer-sml-layout":"","ast-disable-related-posts":"","theme-transparent-header-meta":"default","adv-header-id-meta":"","stick-header-meta":"default","header-above-stick-meta":"","header-main-stick-meta":"","header-below-stick-meta":"","astra-migrate-meta-layouts":"default","ast-page-background-enabled":"default","ast-page-background-meta":{"desktop":{"background-color":"","background-image":"","background-repeat":"repeat","background-position":"center center","background-size":"auto","background-attachment":"scroll","background-type":"","background-media":"","overlay-type":"","overlay-color":"","overlay-opacity":"","overlay-gradient":""},"tablet":{"background-color":"","background-image":"","background-repeat":"repeat","background-position":"center center","background-size":"auto","background-attachment":"scroll","background-type":"","background-media":"","overlay-type":"","overlay-color":"","overlay-opacity":"","overlay-gradient":""},"mobile":{"background-color":"","background-image":"","background-repeat":"repeat","background-position":"center center","background-size":"auto","background-attachment":"scroll","background-type":"","background-media":"","overlay-type":"","overlay-color":"","overlay-opacity":"","overlay-gradient":""}},"ast-content-background-meta":{"desktop":{"background-color":"var(--ast-global-color-5)","background-image":"","background-repeat":"repeat","background-position":"center center","background-size":"auto","background-attachment":"scroll","background-type":"","background-media":"","overlay-type":"","overlay-color":"","overlay-opacity":"","overlay-gradient":""},"tablet":{"background-color":"var(--ast-global-color-5)","background-image":"","background-repeat":"repeat","background-position":"center center","background-size":"auto","background-attachment":"scroll","background-type":"","background-media":"","overlay-type":"","overlay-color":"","overlay-opacity":"","overlay-gradient":""},"mobile":{"background-color":"var(--ast-global-color-5)","background-image":"","background-repeat":"repeat","background-position":"center center","background-size":"auto","background-attachment":"scroll","background-type":"","background-media":"","overlay-type":"","overlay-color":"","overlay-opacity":"","overlay-gradient":""}},"footnotes":""},"class_list":["post-341","page","type-page","status-publish","hentry"],"_links":{"self":[{"href":"http:\/\/gourmet4pattes.com\/en\/wp-json\/wp\/v2\/pages\/341","targetHints":{"allow":["GET"]}}],"collection":[{"href":"http:\/\/gourmet4pattes.com\/en\/wp-json\/wp\/v2\/pages"}],"about":[{"href":"http:\/\/gourmet4pattes.com\/en\/wp-json\/wp\/v2\/types\/page"}],"author":[{"embeddable":true,"href":"http:\/\/gourmet4pattes.com\/en\/wp-json\/wp\/v2\/users\/1"}],"replies":[{"embeddable":true,"href":"http:\/\/gourmet4pattes.com\/en\/wp-json\/wp\/v2\/comments?post=341"}],"version-history":[{"count":0,"href":"http:\/\/gourmet4pattes.com\/en\/wp-json\/wp\/v2\/pages\/341\/revisions"}],"wp:attachment":[{"href":"http:\/\/gourmet4pattes.com\/en\/wp-json\/wp\/v2\/media?parent=341"}],"curies":[{"name":"wp","href":"https:\/\/api.w.org\/{rel}","templated":true}]}}